{"id":7003,"date":"2018-09-04T16:40:00","date_gmt":"2018-09-04T14:40:00","guid":{"rendered":"https:\/\/henneken-tumbler.de\/?page_id=7003"},"modified":"2024-09-30T14:13:32","modified_gmt":"2024-09-30T12:13:32","slug":"datenschutzbestimmungen","status":"publish","type":"page","link":"https:\/\/henneken-tumbler.de\/en\/datenschutzbestimmungen\/","title":{"rendered":"Privacy Policy Business Partner"},"content":{"rendered":"<div data-elementor-type=\"wp-post\" data-elementor-id=\"7003\" class=\"elementor elementor-7003\">\n\t\t\t\t\t\t<div class=\"elementor-inner\">\n\t\t\t\t<div class=\"elementor-section-wrap\">\n\t\t\t\t\t\t\t\t\t<section class=\"elementor-section elementor-top-section elementor-element elementor-element-6ac0c4a elementor-section-boxed elementor-section-height-default elementor-section-height-default\" data-id=\"6ac0c4a\" data-element_type=\"section\">\n\t\t\t\t\t\t<div class=\"elementor-container elementor-column-gap-default\">\n\t\t\t\t\t\t\t<div class=\"elementor-row\">\n\t\t\t\t\t<div class=\"elementor-column elementor-col-100 elementor-top-column elementor-element elementor-element-5c3aedd\" data-id=\"5c3aedd\" data-element_type=\"column\">\n\t\t\t<div class=\"elementor-column-wrap elementor-element-populated\">\n\t\t\t\t\t\t\t<div class=\"elementor-widget-wrap\">\n\t\t\t\t\t\t<div class=\"elementor-element elementor-element-81344ae elementor-widget elementor-widget-heading\" data-id=\"81344ae\" data-element_type=\"widget\" data-widget_type=\"heading.default\">\n\t\t\t\t<div class=\"elementor-widget-container\">\n\t\t\t<h2 class=\"elementor-heading-title elementor-size-default\">Privacy Policy Business Partner<\/h2>\t\t<\/div>\n\t\t\t\t<\/div>\n\t\t\t\t<div class=\"elementor-element elementor-element-5a320a4 elementor-widget elementor-widget-spacer\" data-id=\"5a320a4\" data-element_type=\"widget\" data-widget_type=\"spacer.default\">\n\t\t\t\t<div class=\"elementor-widget-container\">\n\t\t\t\t\t<div class=\"elementor-spacer\">\n\t\t\t<div class=\"elementor-spacer-inner\"><\/div>\n\t\t<\/div>\n\t\t\t\t<\/div>\n\t\t\t\t<\/div>\n\t\t\t\t\t\t<\/div>\n\t\t\t\t\t<\/div>\n\t\t<\/div>\n\t\t\t\t\t\t\t\t<\/div>\n\t\t\t\t\t<\/div>\n\t\t<\/section>\n\t\t\t\t<section class=\"elementor-section elementor-top-section elementor-element elementor-element-286c158 elementor-section-boxed elementor-section-height-default elementor-section-height-default\" data-id=\"286c158\" data-element_type=\"section\">\n\t\t\t\t\t\t<div class=\"elementor-container elementor-column-gap-default\">\n\t\t\t\t\t\t\t<div class=\"elementor-row\">\n\t\t\t\t\t<div class=\"elementor-column elementor-col-100 elementor-top-column elementor-element elementor-element-43405a2\" data-id=\"43405a2\" data-element_type=\"column\">\n\t\t\t<div class=\"elementor-column-wrap elementor-element-populated\">\n\t\t\t\t\t\t\t<div class=\"elementor-widget-wrap\">\n\t\t\t\t\t\t<div class=\"elementor-element elementor-element-dfd6d37 elementor-widget elementor-widget-text-editor\" data-id=\"dfd6d37\" data-element_type=\"widget\" data-widget_type=\"text-editor.default\">\n\t\t\t\t<div class=\"elementor-widget-container\">\n\t\t\t<style>.elementor-element-dfd6d37{display:none !important}<\/style>\t\t<\/div>\n\t\t\t\t<\/div>\n\t\t\t\t\t\t<\/div>\n\t\t\t\t\t<\/div>\n\t\t<\/div>\n\t\t\t\t\t\t\t\t<\/div>\n\t\t\t\t\t<\/div>\n\t\t<\/section>\n\t\t\t\t<section class=\"elementor-section elementor-top-section elementor-element elementor-element-ea74b73 elementor-section-boxed elementor-section-height-default elementor-section-height-default\" data-id=\"ea74b73\" data-element_type=\"section\">\n\t\t\t\t\t\t<div class=\"elementor-container elementor-column-gap-default\">\n\t\t\t\t\t\t\t<div class=\"elementor-row\">\n\t\t\t\t\t<div class=\"elementor-column elementor-col-100 elementor-top-column elementor-element elementor-element-a76b379\" data-id=\"a76b379\" data-element_type=\"column\">\n\t\t\t<div class=\"elementor-column-wrap\">\n\t\t\t\t\t\t\t<div class=\"elementor-widget-wrap\">\n\t\t\t\t\t\t\t\t<\/div>\n\t\t\t\t\t<\/div>\n\t\t<\/div>\n\t\t\t\t\t\t\t\t<\/div>\n\t\t\t\t\t<\/div>\n\t\t<\/section>\n\t\t\t\t<section class=\"elementor-section elementor-top-section elementor-element elementor-element-6c4635e elementor-section-boxed elementor-section-height-default elementor-section-height-default\" data-id=\"6c4635e\" data-element_type=\"section\">\n\t\t\t\t\t\t<div class=\"elementor-container elementor-column-gap-default\">\n\t\t\t\t\t\t\t<div class=\"elementor-row\">\n\t\t\t\t\t<div class=\"elementor-column elementor-col-100 elementor-top-column elementor-element elementor-element-da56443\" data-id=\"da56443\" data-element_type=\"column\">\n\t\t\t<div class=\"elementor-column-wrap elementor-element-populated\">\n\t\t\t\t\t\t\t<div class=\"elementor-widget-wrap\">\n\t\t\t\t\t\t<div class=\"elementor-element elementor-element-227463d elementor-widget elementor-widget-text-editor\" data-id=\"227463d\" data-element_type=\"widget\" data-no-translation=\"\" data-widget_type=\"text-editor.default\">\n\t\t\t\t<div class=\"elementor-widget-container\">\n\t\t\t\t\t\t\t\t<div class=\"elementor-text-editor elementor-clearfix\">\n\t\t\t\t<p><span style=\"font-size: 10pt; font-family: verdana, geneva;\"> This data protection information for business partners informs you of how your personal data is processed by Ferdinand Henneken GmbH. <\/span> <span style=\"font-size: 10pt; font-family: verdana, geneva;\"> ZIn accordance with Article 4, Point 1 of the GDPR, your personal data include all information by which you are identified or identifiable, in particular by reference to an identifier such as a name, or an organisation or customer number with which you can be identified. <\/span> <span style=\"font-size: 10pt; font-family: verdana, geneva;\"> We are providing this data protection information for business partners ( <strong> &#8222;Notification&#8220; <\/strong> ), in order to explain, as the responsible body, the data processing processes to our suppliers, customers and business partners (collectively known as &#8220; <strong> Business partners&#8220;&nbsp; <\/strong> ) and their employees who are in contact with Ferdinand Henneken GmbH. <\/span> <span style=\"font-family: verdana, geneva; font-size: 10pt;\"> <strong> &nbsp;<\/strong><\/span><\/p>\n<p><span style=\"font-family: verdana, geneva; font-size: 10pt;\"> <strong> Scope: <\/strong><\/span><\/p>\n<p><span style=\"font-size: 10pt; font-family: verdana, geneva;\"> This notification applies if you are an independent business partner of Ferdinand Henneken GmbH (e.g. a supplier, customer, shareholder or consultant) or if you are an employee of a business partner who acts on behalf of the business partner with Ferdinand Henneken GmbH. <\/span> <span style=\"font-family: verdana, geneva; font-size: 10pt;\"> <strong> &nbsp;<\/strong><\/span><\/p>\n<p><span style=\"font-family: verdana, geneva; font-size: 10pt;\"> <strong> Categories of personal data and data sources: <\/strong><\/span><\/p>\n<p><span style=\"font-size: 10pt; font-family: verdana, geneva;\"> Ferdinand Henneken GmbH processes the following personal data from your company or from third parties (e.g. your supervisor, authorities or public resources): <\/span> <span style=\"font-size: 10pt; font-family: verdana, geneva;\"> &nbsp; <\/span><\/p>\n<ul>\n<li><span style=\"font-family: verdana, geneva; font-size: 10pt;\"><strong>Personal data relating to independent business partners: <\/strong> name, business contact details, services or products offered, contractual information, communication contents (such as e-mails or business letters), payment information, invoice information and the development of the business relationship <\/span><\/li>\n<\/ul>\n<ul>\n<li><span style=\"font-family: verdana, geneva; font-size: 10pt;\"><strong>Personal data relating to employees of an independent business partner: <\/strong> name, business contact details, employer name, title\/position and communication contents (such as e-mails or business letters)<\/span><\/li>\n<\/ul>\n<p><span style=\"font-family: verdana, geneva; font-size: 10pt;\"><strong><br><\/strong><\/span><\/p>\n<p><span style=\"font-family: verdana, geneva; font-size: 10pt;\"><strong>Data processing purposes, legal basis and consequences: <\/strong><\/span><\/p>\n<p><span style=\"font-size: 10pt; font-family: verdana, geneva;\"> Your personal data will be used to fulfil the contractual relationships with the business partner (including fulfilling contractual performance obligations, invoice processing, communication and adherence to legal regulations), for marketing and CRM tasks and for fraud prevention. <\/span> <span style=\"font-size: 10pt; font-family: verdana, geneva;\"> &nbsp; <\/span> <span style=\"font-size: 10pt; font-family: verdana, geneva;\"> Ferdinand Henneken GmbH relies on the following legal bases regarding data processing: <\/span><\/p>\n<ul>\n<li><span style=\"font-size: 10pt; font-family: verdana, geneva;\"> Fulfilling the contractual relationship with the business partner (Article 6 b of the GDPR); <\/span><\/li>\n<li><span style=\"font-size: 10pt; font-family: verdana, geneva;\"> Legitimate interests of Ferdinand Henneken GmbH, Ferdinand Henneken GmbH subsidiaries or third parties (e.g. government entities or courts) (Article 6 f of the GDPR). The legitimate interest can be company-wide exchange of information, marketing and CRM tasks, preventing fraud, IT misuse and money laundering, operating an informant system, physical security, IT and network security, internal determinations or potential mergers and takeovers; <\/span><\/li>\n<li><span style=\"font-size: 10pt; font-family: verdana, geneva;\"> Consent (Article 6 a of the GDPR); <\/span><\/li>\n<li><span style=\"font-size: 10pt; font-family: verdana, geneva;\"> Fulfilling legal obligations (Article 6 c of the GDPR); <\/span><\/li>\n<li><span style=\"font-size: 10pt; font-family: verdana, geneva;\"> Legitimate interest of the body responsible, except where such interests are overridden by the interests or fundamental rights and freedoms of the data subject which require protection of personal data (Article 6 f of the GDPR); <\/span><\/li>\n<\/ul>\n<p><span style=\"font-size: 10pt; font-family: verdana, geneva;\">Providing personal data is required to conclude and\/or perform the business partner contract and is voluntary. However, if you do not provide this data, this could delay the business partner management and administrative processes, or make them impossible.&nbsp; <\/span><span style=\"font-family: verdana, geneva; font-size: 10pt;\"><strong><br><\/strong><\/span><\/p>\n<p><br><span style=\"font-family: verdana, geneva; font-size: 10pt;\"> <strong> <\/strong><\/span><\/p>\n<p><span style=\"font-family: verdana, geneva; font-size: 10pt;\"><strong>Categories of recipients: <\/strong><\/span><\/p>\n<p><span style=\"font-size: 10pt; font-family: verdana, geneva;\"> Ferdinand Henneken GmbH is permitted to use service providers who act as processors to provide IT and other administrative support (e.g. service providers who support accounting or who offer IT hosting and maintenance support). These service providers may have access to your personal data if this is required to provide these services. Any access to your personal data is limited to those people who require the information to complete their tasks. Ferdinand Henneken GmbH is permitted to publish your personal data if requested or required to do so by governmental authorities, courts, external authorities or similar third parties. <\/span> <span style=\"font-size: 10pt; font-family: verdana, geneva;\"> Jeder Zugriff auf Ihre personenbezogenen Daten ist auf die Personen beschr\u00e4nkt, die die Information f\u00fcr die Vervollst\u00e4ndigung Ihrer T\u00e4tigkeiten ben\u00f6tigt. <\/span> <span style=\"font-family: verdana, geneva; font-size: 10pt;\"> Die Ferdinand Henneken GmbH darf Ihre personenbezogenen Daten offenlegen, sollte dies von Regierungsbeh\u00f6rden, Gerichten, externen Beh\u00f6rden oder auch \u00e4hnlichen Dritten gefordert oder verlangt werden.<br><\/span><\/p>\n<p><span style=\"font-family: verdana, geneva; font-size: 10pt;\"><strong><br><\/strong><\/span><\/p>\n<p><span style=\"font-family: verdana, geneva; font-size: 10pt;\"><strong>Retention period: <\/strong><\/span><\/p>\n<p><span style=\"font-size: 10pt; font-family: verdana, geneva;\"> The personal data will be saved by Ferdinand Henneken GmbH and our service providers as long as they are required to fulfil our obligations. The data will be saved as long as required for this purpose in accordance with the applicable data protection regulation. As soon as Ferdinand Henneken GmbH no longer required the data to fulfil contractual or legal obligations, it will be deleted from our systems and records and\/or measures taken so that your personal data is anonymised properly so that it is no longer identifiable unless we must retain your personal data in order to comply with legal or regulatory obligations to which Ferdinand Henneken GmbH is subject. For example, legally prescribed retention periods resulting from the German Commercial Code or German Tax Code, which are normally between 6 and 10 years, or we must secure evidence within the limitation period that is normally 3 years but can also last up to 30 years.&nbsp; <\/span><span style=\"font-family: verdana, geneva; font-size: 10pt;\"><strong><br><\/strong><\/span><\/p>\n<p><span style=\"font-family: verdana, geneva; font-size: 10pt;\"><strong><br><\/strong><\/span><\/p>\n<p><span style=\"font-family: verdana, geneva; font-size: 10pt;\"><strong>Your rights: <\/strong><\/span><\/p>\n<p><span style=\"font-size: 10pt; font-family: verdana, geneva;\"> I<\/span><span style=\"font-size: 10pt; font-family: verdana, geneva;\">f you have given your consent with regard to certain processing tasks, you can revoke this at any time with future effect. This revocation does not affect previous processing of data. In accordance with the applicable data protection regulations, you have the right: a) to view your personal data; b) to request correction of your personal data; c) to request deletion of your personal data; d) to require limitations to processing of your personal data; e) to request that your personal data is transferred; f) to revoke consent to process your personal data. Note that the aforementioned rights can be limited by national law. <\/span> <span style=\"font-size: 10pt; font-family: verdana, geneva;\"> Gem\u00e4\u00df der geltenden Datenschutzgesetze haben Sie das Recht: a) Einsicht in Ihre personenbezogenen Daten zu nehmen; b) die Berichtigung Ihrer personenbezogenen Daten anzusetzen; c) die L\u00f6schung Ihrer personenbezogenen Daten zu beantragen; d) Einschr\u00e4nkungen bei der Verarbeitung Ihrer personenbezogenen Daten vorauszusetzen; e) die \u00dcbertragung Ihrer personenbezogenen Daten anzufordern; f) der Verarbeitung Ihrer personenbezogenen Daten zu wiedersprechen. Beachten Sie, dass die oben genannten Rechte durch nationales Recht beschr\u00e4nkt sein k\u00f6nnten. <\/span> <span style=\"font-size: 10pt; font-family: verdana, geneva;\"> &nbsp; <\/span><\/p>\n<p><span style=\"letter-spacing: 0em; font-size: 10pt; font-family: verdana, geneva;\"> a)&nbsp;<\/span><span style=\"letter-spacing: 0em; font-size: 10pt; font-family: verdana, geneva;\"> <strong> Right of access: <\/strong> you have the right to receive confirmation from us as to whether we process your personal data and obtain access to this data. The access information contains the purpose of processing, the categories of personal data, the data subject and the recipient of categories of recipient among other things. However, this is not an absolute right and the interests of others can limit your right of access. You have the right to receive a copy of the personal data that is processed. We have the right to assess a reasonable fee for the administrative costs for further copies requested by you.<\/span><\/p>\n<p><span style=\"letter-spacing: 0em;\"> b)&nbsp; <\/span> <strong style=\"letter-spacing: 0em; font-family: verdana, geneva; font-size: 10pt;\"> Right to erasure (right to be forgotten): <\/strong> <span style=\"letter-spacing: 0em; font-family: verdana, geneva; font-size: 10pt;\"> under certain circumstances, you have the right to have personal data regarding yourself erased. <\/span><\/p>\n<p><span style=\"letter-spacing: 0em; font-family: verdana, geneva; font-size: 10pt;\"> c)&nbsp; <\/span> <strong style=\"letter-spacing: 0em; font-family: verdana, geneva; font-size: 10pt;\"> ght to restriction of processing: <\/strong> <span style=\"letter-spacing: 0em; font-family: verdana, geneva; font-size: 10pt;\"> under certain circumstances, you have the right to obtain a restriction of processing of your personal data from us. Under these circumstances, the corresponding data will be marked and only processed for a specific purpose. <\/span><\/p>\n<p><span style=\"letter-spacing: 0em; font-family: verdana, geneva; font-size: 10pt;\"> d)&nbsp; <\/span> <strong style=\"letter-spacing: 0em; font-family: verdana, geneva; font-size: 10pt;\"> Right to data portability: <\/strong> <span style=\"letter-spacing: 0em; font-family: verdana, geneva; font-size: 10pt;\"> under certain circumstances, you have the right to receive the personal data provided by you in a structured, frequently used, machine-readable format and are entitled to transmit this data to another company without hindrance. <\/span> <span style=\"font-size: 10pt; font-family: verdana, geneva;\"> &nbsp; <\/span><\/p>\n<p><strong> <span style=\"font-family: verdana, geneva; font-size: 10pt;\"> You also have the right to submit a complaint to a supervisory authority. <\/span> <\/strong> <span style=\"font-size: 10pt; font-family: verdana, geneva;\"> &nbsp;<\/span><\/p>\n<p><span style=\"font-family: verdana, geneva; font-size: 10pt;\"> <strong> Right to object in accordance with Article 21 of the General Data Protection Regulation <\/strong><\/span><\/p>\n<p><span style=\"font-size: 10pt; font-family: verdana, geneva;\"> The data subject shall have the right to object, on grounds relating to his or her particular situation, at any time to processing of personal data concerning him or her which is based on point (e) or (f) of Article 6(1). <\/span> <span style=\"font-size: 10pt; font-family: verdana, geneva;\"> As Ferdinand Henneken GmbH primarily processes and uses your personal data for the purpose of the contractual relationship with you, Ferdinand Henneken GmbH has a legitimate interest in processing your personal data, which will override your restriction request. <\/span> <span style=\"font-size: 10pt; font-family: verdana, geneva;\"> In order to exercise this right, please contact us as specified in \u201cQuestions\u201d. <\/span> <span style=\"font-size: 10pt; font-family: verdana, geneva;\"> &nbsp; <\/span> <span style=\"font-size: 10pt; font-family: verdana, geneva;\"> Ferdinand Henneken GmbH does not perform any automated individual decision-making. <\/span> <span style=\"font-family: verdana, geneva; font-size: 10pt;\"> <strong> &nbsp; <\/strong><\/span><\/p>\n<p><br><span style=\"font-family: verdana, geneva; font-size: 10pt;\"> <strong> <\/strong><\/span><\/p>\n<p><span style=\"font-family: verdana, geneva; font-size: 10pt;\"><strong>Questions: <\/strong><\/span><\/p>\n<p><span style=\"font-size: 10pt; font-family: verdana, geneva;\"> If you have any questions regarding this notification or your rights, please contact us at <strong> info@henneken.com<\/strong>&nbsp;You can contact Ferdinand Henneken GmbH\u2019s data protection officer using the following <\/span> <span style=\"font-size: 10pt; font-family: verdana, geneva;\"> contact data: <\/span><\/p>\n<p><strong><span style=\"font-size: 10pt; line-height: 107%; font-family: verdana, geneva;\"><br><\/span><\/strong><\/p>\n<p><strong><span style=\"font-size: 10pt; line-height: 107%; font-family: verdana, geneva;\">Paul K\u00f6hler <\/span> <\/strong> <span style=\"font-size: 10pt; line-height: 107%; font-family: verdana, geneva;\"> <strong> BITsic <\/strong> &#8211; Datenschutz und Informationssicherheit &#8211; &nbsp;&nbsp;&nbsp;<\/span><\/p>\n<p><span style=\"font-size: 10pt; line-height: 107%; font-family: verdana, geneva;\"> Untere Kampstra\u00dfe 12 &nbsp;&nbsp;<\/span><\/p>\n<p><span style=\"font-size: 10pt; line-height: 107%; font-family: verdana, geneva;\"> 33181 F\u00fcrstenberg <\/span><\/p>\n<p><span style=\"font-family: verdana, geneva; font-size: 10pt;\"> <span style=\"line-height: 107%;\"> Tel.: +49 (0)2953 99244&nbsp;&nbsp;&nbsp;&nbsp;&nbsp;&nbsp;&nbsp;&nbsp;&nbsp;&nbsp; <\/span><\/span><\/p>\n<p><span style=\"font-family: verdana, geneva; font-size: 10pt;\"> <span style=\"line-height: 107%;\"> Fax: +49 (0)2953 99245&nbsp;&nbsp;&nbsp;&nbsp;&nbsp;&nbsp;&nbsp;&nbsp;&nbsp;&nbsp; <\/span><\/span><\/p>\n<p><span style=\"font-family: verdana, geneva; font-size: 10pt;\"> <span style=\"line-height: 107%;\"> E-Mail: <\/span> <a href=\"mailto:paul.koehler@bitsic.de\"> <span style=\"line-height: 107%;\"> paul.koehler@bitsic.de <\/span><\/a><\/span><\/p>\n<p><span style=\"font-family: verdana, geneva; font-size: 10pt;\"> <span style=\"line-height: 107%;\"> I<\/span><\/span><span style=\"font-family: verdana, geneva; font-size: 10pt;\"><span style=\"line-height: 107%;\">nternet: <\/span> <a href=\"https:\/\/www.bitsic.de\/\"> <span style=\"line-height: 107%;\"> www.bitsic.de <\/span> <\/a> <\/span> <span style=\"font-size: 10pt; font-family: verdana, geneva;\"> &nbsp; <\/span> <span style=\"font-size: 10pt; font-family: verdana, geneva;\">&nbsp;&nbsp;<\/span><\/p>\n<p><span style=\"font-size: 10pt; font-family: verdana, geneva;\">&nbsp;<\/span><\/p>\n<p><span style=\"font-size: 10pt; font-family: verdana, geneva;\">&nbsp;<\/span><\/p>\t\t\t\t\t<\/div>\n\t\t\t\t\t\t<\/div>\n\t\t\t\t<\/div>\n\t\t\t\t\t\t<\/div>\n\t\t\t\t\t<\/div>\n\t\t<\/div>\n\t\t\t\t\t\t\t\t<\/div>\n\t\t\t\t\t<\/div>\n\t\t<\/section>\n\t\t\t\t\t\t\t\t\t<\/div>\n\t\t\t<\/div>\n\t\t\t\t\t<\/div>","protected":false},"excerpt":{"rendered":"<p>Datenschutzbestimmungen Datenschutzinformation Gesch\u00e4ftspartner \u00a0 Diese Datenschutzinformation f\u00fcr Gesch\u00e4ftspartner unterrichtet Sie \u00fcber die Verarbeitung Ihrer personenbezogenen Daten bei der Ferdinand Henneken GmbH. Zu Ihren personenbezogenen Daten geh\u00f6ren gem. Art. 4 lit. 1 DS-GVO alle Informationen, die sich auf Ihre Person beziehen oder beziehen lassen, insbesondere mittels Zuordnung zu einer Kennung wie einem Namen oder zu einer [&hellip;]<\/p>","protected":false},"author":1,"featured_media":0,"parent":0,"menu_order":0,"comment_status":"closed","ping_status":"closed","template":"","meta":[],"_links":{"self":[{"href":"https:\/\/henneken-tumbler.de\/en\/wp-json\/wp\/v2\/pages\/7003"}],"collection":[{"href":"https:\/\/henneken-tumbler.de\/en\/wp-json\/wp\/v2\/pages"}],"about":[{"href":"https:\/\/henneken-tumbler.de\/en\/wp-json\/wp\/v2\/types\/page"}],"author":[{"embeddable":true,"href":"https:\/\/henneken-tumbler.de\/en\/wp-json\/wp\/v2\/users\/1"}],"replies":[{"embeddable":true,"href":"https:\/\/henneken-tumbler.de\/en\/wp-json\/wp\/v2\/comments?post=7003"}],"version-history":[{"count":3,"href":"https:\/\/henneken-tumbler.de\/en\/wp-json\/wp\/v2\/pages\/7003\/revisions"}],"predecessor-version":[{"id":8421,"href":"https:\/\/henneken-tumbler.de\/en\/wp-json\/wp\/v2\/pages\/7003\/revisions\/8421"}],"wp:attachment":[{"href":"https:\/\/henneken-tumbler.de\/en\/wp-json\/wp\/v2\/media?parent=7003"}],"curies":[{"name":"wp","href":"https:\/\/api.w.org\/{rel}","templated":true}]}}