{"id":6640,"date":"2018-03-11T14:02:43","date_gmt":"2018-03-11T13:02:43","guid":{"rendered":"http:\/\/henneken-tumbler.de\/?page_id=6640"},"modified":"2024-09-30T14:09:38","modified_gmt":"2024-09-30T12:09:38","slug":"impressum","status":"publish","type":"page","link":"https:\/\/henneken-tumbler.de\/en\/impressum\/","title":{"rendered":"Imprint"},"content":{"rendered":"<div data-elementor-type=\"wp-post\" data-elementor-id=\"6640\" class=\"elementor elementor-6640\">\n\t\t\t\t\t\t<div class=\"elementor-inner\">\n\t\t\t\t<div class=\"elementor-section-wrap\">\n\t\t\t\t\t\t\t\t\t<section class=\"elementor-section elementor-top-section elementor-element elementor-element-41b71c2b elementor-section-boxed elementor-section-height-default elementor-section-height-default\" data-id=\"41b71c2b\" data-element_type=\"section\">\n\t\t\t\t\t\t<div class=\"elementor-container elementor-column-gap-default\">\n\t\t\t\t\t\t\t<div class=\"elementor-row\">\n\t\t\t\t\t<div class=\"elementor-column elementor-col-100 elementor-top-column elementor-element elementor-element-20c229f2\" data-id=\"20c229f2\" data-element_type=\"column\">\n\t\t\t<div class=\"elementor-column-wrap elementor-element-populated\">\n\t\t\t\t\t\t\t<div class=\"elementor-widget-wrap\">\n\t\t\t\t\t\t<div class=\"elementor-element elementor-element-79a29c8f elementor-widget elementor-widget-text-editor\" data-id=\"79a29c8f\" data-element_type=\"widget\" data-widget_type=\"text-editor.default\">\n\t\t\t\t<div class=\"elementor-widget-container\">\n\t\t\t\t\t\t\t\t<div class=\"elementor-text-editor elementor-clearfix\">\n\t\t\t\t<h2>Imprint<\/h2><p>Ferdinand Henneken GmbH<br \/>Hedderhagen 10<br \/>33181 Bad W\u00fcnnenberg \u2013 F\u00fcrstenberg<\/p><p>Telefon: <a href=\"tel:+492953396960\">+49 2953 39696-0<\/a><br \/>E-Mail: <a href=\"mailto:info@henneken.com\">info@henneken.com<\/a><\/p><p><strong>Vertreten durch:<\/strong><br \/>Einar Einarsson<br \/>Andreas Pla\u00dfmeier<\/p><p><strong>Registereintrag:<\/strong><br \/>Eingetragen im Handelsregister.<br \/>Registergericht: Paderborn<br \/>Registernummer: HRB 1000<\/p><p><strong>Umsatzsteuer-ID: <\/strong><br \/>Umsatzsteuer-Identifikationsnummer nach \u00a727a Umsatzsteuergesetz:<br \/>DE 811 523 104<\/p><p><strong>Bildrechte:<\/strong><\/p><p><a href=\"http:\/\/Fotolia.com\">Fotolia.com<\/a>:<\/p><p>#124036127 | Urheber:\u00a0<a href=\"https:\/\/de.fotolia.com\/p\/205828551\">defpics<\/a><\/p><p>#94801209 | Urheber:\u00a0<a href=\"https:\/\/de.fotolia.com\/p\/200623882\">Kadmy<\/a><\/p><p>#93783793 | Urheber:\u00a0<a href=\"https:\/\/de.fotolia.com\/p\/202512135\">motorradcbr<\/a><\/p><p>#89467220 | Urheber:\u00a0<a href=\"https:\/\/de.fotolia.com\/p\/204279856\">pavlodargmxnet<\/a><\/p><p>#40669481 | Urheber:\u00a0<a href=\"https:\/\/de.fotolia.com\/p\/200623882\">Kadmy<\/a><\/p><p>#14169213 | Urheber:\u00a0<a href=\"https:\/\/de.fotolia.com\/p\/200396257\">ExQuisine<\/a><\/p><p>#46067688 | Urheber:\u00a0<a href=\"https:\/\/de.fotolia.com\/p\/163396\">Christian Jung<\/a><\/p><p><a href=\"http:\/\/shutterstock.com\">shutterstock.com<\/a>:<\/p><p>#12890053 | Urheber:\u00a0<a href=\"https:\/\/www.shutterstock.com\/de\/g\/unverdorben66\">unverdorben jr<\/a><\/p><p>#26274898 | Urheber: <a href=\"https:\/\/www.shutterstock.com\/de\/g\/lobur\">Lobur Alexey Ivanovich<\/a><\/p><p>#82063612 | Urheber: <a href=\"https:\/\/www.shutterstock.com\/de\/g\/belchonock\">Africa Studio<\/a><\/p><p>#50469802 | Urheber:\u00a0<a href=\"https:\/\/www.shutterstock.com\/de\/g\/sundebo\">Sundebo<\/a><\/p><p><a href=\"http:\/\/Dreamstime.com\">Dreamstime.com<\/a>:<\/p><p>#7543355 | Urheber: \u00a0<a href=\"https:\/\/www.dreamstime.com\/colour59_info\">Birgit Reitz Hofmann<\/a><\/p><p>#6634243 | Urheber: <a href=\"https:\/\/www.dreamstime.com\/ray22_info\">Rainer Junker<\/a><\/p><p><strong>Hinweis gem\u00e4\u00df Verbraucherstreitbeilegungsgesetz (VSBG)<\/strong><\/p><p>Wir sind nicht bereit und verpflichtet, an Streitbeilegungsverfahren vor einer Verbraucherschlichtungsstelle teilzunehmen.<\/p><p><strong>Disclaimer \u2013 rechtliche Hinweise<\/strong><\/p><p>\u00a7 1 Warnhinweis zu Inhalten<br \/>Die kostenlosen und frei zug\u00e4nglichen Inhalte dieser Webseite wurden mit gr\u00f6\u00dftm\u00f6glicher Sorgfalt erstellt. Der Anbieter dieser Webseite \u00fcbernimmt jedoch keine Gew\u00e4hr f\u00fcr die Richtigkeit und Aktualit\u00e4t der bereitgestellten kostenlosen und frei zug\u00e4nglichen journalistischen Ratgeber und Nachrichten. Namentlich gekennzeichnete Beitr\u00e4ge geben die Meinung des jeweiligen Autors und nicht immer die Meinung des Anbieters wieder. Allein durch den Aufruf der kostenlosen und frei zug\u00e4nglichen Inhalte kommt keinerlei Vertragsverh\u00e4ltnis zwischen dem Nutzer und dem Anbieter zustande, insoweit fehlt es am Rechtsbindungswillen des Anbieters.<\/p><p>\u00a7 2 Externe Links<br \/>Diese Website enth\u00e4lt Verkn\u00fcpfungen zu Websites Dritter (&#8222;externe Links&#8220;). Diese Websites unterliegen der Haftung der jeweiligen Betreiber. Der Anbieter hat bei der erstmaligen Verkn\u00fcpfung der externen Links die fremden Inhalte daraufhin \u00fcberpr\u00fcft, ob etwaige Rechtsverst\u00f6\u00dfe bestehen. Zu dem Zeitpunkt waren keine Rechtsverst\u00f6\u00dfe ersichtlich. Der Anbieter hat keinerlei Einfluss auf die aktuelle und zuk\u00fcnftige Gestaltung und auf die Inhalte der verkn\u00fcpften Seiten. Das Setzen von externen Links bedeutet nicht, dass sich der Anbieter die hinter dem Verweis oder Link liegenden Inhalte zu Eigen macht. Eine st\u00e4ndige Kontrolle der externen Links ist f\u00fcr den Anbieter ohne konkrete Hinweise auf Rechtsverst\u00f6\u00dfe nicht zumutbar. Bei Kenntnis von Rechtsverst\u00f6\u00dfen werden jedoch derartige externe Links unverz\u00fcglich gel\u00f6scht.<\/p><p>\u00a7 3 Urheber- und Leistungsschutzrechte<br \/>Die auf dieser Website ver\u00f6ffentlichten Inhalte unterliegen dem deutschen Urheber- und Leistungsschutzrecht. Jede vom deutschen Urheber- und Leistungsschutzrecht nicht zugelassene Verwertung bedarf der vorherigen schriftlichen Zustimmung des Anbieters oder jeweiligen Rechteinhabers. Dies gilt insbesondere f\u00fcr Vervielf\u00e4ltigung, Bearbeitung, \u00dcbersetzung, Einspeicherung, Verarbeitung bzw. Wiedergabe von Inhalten in Datenbanken oder anderen elektronischen Medien und Systemen. Inhalte und Rechte Dritter sind dabei als solche gekennzeichnet. Die unerlaubte Vervielf\u00e4ltigung oder Weitergabe einzelner Inhalte oder kompletter Seiten ist nicht gestattet und strafbar. Lediglich die Herstellung von Kopien und Downloads f\u00fcr den pers\u00f6nlichen, privaten und nicht kommerziellen Gebrauch ist erlaubt.<\/p><p>Die Darstellung dieser Website in fremden Frames ist nur mit schriftlicher Erlaubnis zul\u00e4ssig.<\/p><p>\u00a7 4 Besondere Nutzungsbedingungen<br \/>Soweit besondere Bedingungen f\u00fcr einzelne Nutzungen dieser Website von den vorgenannten Paragraphen abweichen, wird an entsprechender Stelle ausdr\u00fccklich darauf hingewiesen. In diesem Falle gelten im jeweiligen Einzelfall die besonderen Nutzungsbedingungen.<\/p><p>Informationen zum Datenschutz finden Sie in unserer <a title=\"Privacy Policy\" href=\"https:\/\/henneken-tumbler.de\/en\/datenschutz\/\">Privacy Policy<\/a>.<\/p>\t\t\t\t\t<\/div>\n\t\t\t\t\t\t<\/div>\n\t\t\t\t<\/div>\n\t\t\t\t\t\t<\/div>\n\t\t\t\t\t<\/div>\n\t\t<\/div>\n\t\t\t\t\t\t\t\t<\/div>\n\t\t\t\t\t<\/div>\n\t\t<\/section>\n\t\t\t\t\t\t\t\t\t<\/div>\n\t\t\t<\/div>\n\t\t\t\t\t<\/div>","protected":false},"excerpt":{"rendered":"<p>Impressum Ferdinand Henneken GmbHHedderhagen 1033181 Bad W\u00fcnnenberg &#8211; F\u00fcrstenberg Telefon: +49 2953 39696-0E-Mail: info@henneken.com Vertreten durch:Einar EinarssonAndreas Pla\u00dfmeier Registereintrag:Eingetragen im Handelsregister.Registergericht: PaderbornRegisternummer: HRB 1000 Umsatzsteuer-ID: Umsatzsteuer-Identifikationsnummer nach \u00a727a Umsatzsteuergesetz:DE 811 523 104 Bildrechte: Fotolia.com: #124036127 | Urheber:\u00a0defpics #94801209 | Urheber:\u00a0Kadmy #93783793 | Urheber:\u00a0motorradcbr #89467220 | Urheber:\u00a0pavlodargmxnet #40669481 | Urheber:\u00a0Kadmy #14169213 | Urheber:\u00a0ExQuisine #46067688 | Urheber:\u00a0Christian [&hellip;]<\/p>","protected":false},"author":1,"featured_media":0,"parent":0,"menu_order":0,"comment_status":"closed","ping_status":"closed","template":"","meta":[],"_links":{"self":[{"href":"https:\/\/henneken-tumbler.de\/en\/wp-json\/wp\/v2\/pages\/6640"}],"collection":[{"href":"https:\/\/henneken-tumbler.de\/en\/wp-json\/wp\/v2\/pages"}],"about":[{"href":"https:\/\/henneken-tumbler.de\/en\/wp-json\/wp\/v2\/types\/page"}],"author":[{"embeddable":true,"href":"https:\/\/henneken-tumbler.de\/en\/wp-json\/wp\/v2\/users\/1"}],"replies":[{"embeddable":true,"href":"https:\/\/henneken-tumbler.de\/en\/wp-json\/wp\/v2\/comments?post=6640"}],"version-history":[{"count":9,"href":"https:\/\/henneken-tumbler.de\/en\/wp-json\/wp\/v2\/pages\/6640\/revisions"}],"predecessor-version":[{"id":8415,"href":"https:\/\/henneken-tumbler.de\/en\/wp-json\/wp\/v2\/pages\/6640\/revisions\/8415"}],"wp:attachment":[{"href":"https:\/\/henneken-tumbler.de\/en\/wp-json\/wp\/v2\/media?parent=6640"}],"curies":[{"name":"wp","href":"https:\/\/api.w.org\/{rel}","templated":true}]}}