{"id":6253,"date":"2018-03-07T21:12:35","date_gmt":"2018-03-07T20:12:35","guid":{"rendered":"http:\/\/henneken-tumbler.de\/?page_id=6253"},"modified":"2022-12-18T15:21:21","modified_gmt":"2022-12-18T14:21:21","slug":"typ-mvt","status":"publish","type":"page","link":"https:\/\/henneken-tumbler.de\/en\/produkte\/tumbler\/typ-mvt\/","title":{"rendered":"Type MVT"},"content":{"rendered":"<div data-elementor-type=\"wp-post\" data-elementor-id=\"6253\" class=\"elementor elementor-6253\">\n\t\t\t\t\t\t<div class=\"elementor-inner\">\n\t\t\t\t<div class=\"elementor-section-wrap\">\n\t\t\t\t\t\t\t\t\t<section class=\"elementor-section elementor-top-section elementor-element elementor-element-200de78 elementor-section-boxed elementor-section-height-default elementor-section-height-default\" data-id=\"200de78\" data-element_type=\"section\">\n\t\t\t\t\t\t<div class=\"elementor-container elementor-column-gap-default\">\n\t\t\t\t\t\t\t<div class=\"elementor-row\">\n\t\t\t\t\t<div class=\"elementor-column elementor-col-50 elementor-top-column elementor-element elementor-element-9776095\" data-id=\"9776095\" data-element_type=\"column\">\n\t\t\t<div class=\"elementor-column-wrap elementor-element-populated\">\n\t\t\t\t\t\t\t<div class=\"elementor-widget-wrap\">\n\t\t\t\t\t\t<div class=\"elementor-element elementor-element-bfbfbdd elementor-invisible elementor-widget elementor-widget-image\" data-id=\"bfbfbdd\" data-element_type=\"widget\" data-settings=\"{&quot;_animation&quot;:&quot;fadeInLeft&quot;}\" data-widget_type=\"image.default\">\n\t\t\t\t<div class=\"elementor-widget-container\">\n\t\t\t\t\t\t\t\t<div class=\"elementor-image\">\n\t\t\t\t\t\t\t\t\t\t\t\t<img decoding=\"async\" width=\"1024\" height=\"1024\" src=\"https:\/\/henneken-tumbler.de\/wp-content\/uploads\/2018\/03\/Tumbler_typ_mvt-1024x1024.jpg\" class=\"attachment-large size-large wp-image-6166\" alt=\"\" loading=\"lazy\" srcset=\"https:\/\/henneken-tumbler.de\/wp-content\/uploads\/2018\/03\/Tumbler_typ_mvt-1024x1024.jpg 1024w, https:\/\/henneken-tumbler.de\/wp-content\/uploads\/2018\/03\/Tumbler_typ_mvt-150x150.jpg 150w, https:\/\/henneken-tumbler.de\/wp-content\/uploads\/2018\/03\/Tumbler_typ_mvt-300x300.jpg 300w, https:\/\/henneken-tumbler.de\/wp-content\/uploads\/2018\/03\/Tumbler_typ_mvt-768x768.jpg 768w, https:\/\/henneken-tumbler.de\/wp-content\/uploads\/2018\/03\/Tumbler_typ_mvt-460x460.jpg 460w, https:\/\/henneken-tumbler.de\/wp-content\/uploads\/2018\/03\/Tumbler_typ_mvt-560x560.jpg 560w, https:\/\/henneken-tumbler.de\/wp-content\/uploads\/2018\/03\/Tumbler_typ_mvt-104x104.jpg 104w, https:\/\/henneken-tumbler.de\/wp-content\/uploads\/2018\/03\/Tumbler_typ_mvt-260x260.jpg 260w, https:\/\/henneken-tumbler.de\/wp-content\/uploads\/2018\/03\/Tumbler_typ_mvt-78x78.jpg 78w, https:\/\/henneken-tumbler.de\/wp-content\/uploads\/2018\/03\/Tumbler_typ_mvt-270x270.jpg 270w, https:\/\/henneken-tumbler.de\/wp-content\/uploads\/2018\/03\/Tumbler_typ_mvt-400x400.jpg 400w, https:\/\/henneken-tumbler.de\/wp-content\/uploads\/2018\/03\/Tumbler_typ_mvt-900x900.jpg 900w, https:\/\/henneken-tumbler.de\/wp-content\/uploads\/2018\/03\/Tumbler_typ_mvt-675x675.jpg 675w, https:\/\/henneken-tumbler.de\/wp-content\/uploads\/2018\/03\/Tumbler_typ_mvt-286x286.jpg 286w, https:\/\/henneken-tumbler.de\/wp-content\/uploads\/2018\/03\/Tumbler_typ_mvt-450x450.jpg 450w, https:\/\/henneken-tumbler.de\/wp-content\/uploads\/2018\/03\/Tumbler_typ_mvt-1080x1080.jpg 1080w, https:\/\/henneken-tumbler.de\/wp-content\/uploads\/2018\/03\/Tumbler_typ_mvt.jpg 1925w\" sizes=\"(max-width: 1024px) 100vw, 1024px\" \/>\t\t\t\t\t\t\t\t\t\t\t\t\t\t<\/div>\n\t\t\t\t\t\t<\/div>\n\t\t\t\t<\/div>\n\t\t\t\t\t\t<\/div>\n\t\t\t\t\t<\/div>\n\t\t<\/div>\n\t\t\t\t<div class=\"elementor-column elementor-col-50 elementor-top-column elementor-element elementor-element-bfc5020\" data-id=\"bfc5020\" data-element_type=\"column\">\n\t\t\t<div class=\"elementor-column-wrap elementor-element-populated\">\n\t\t\t\t\t\t\t<div class=\"elementor-widget-wrap\">\n\t\t\t\t\t\t<div class=\"elementor-element elementor-element-caccb47 elementor-widget elementor-widget-heading\" data-id=\"caccb47\" data-element_type=\"widget\" data-widget_type=\"heading.default\">\n\t\t\t\t<div class=\"elementor-widget-container\">\n\t\t\t<h2 class=\"elementor-heading-title elementor-size-default\">Tumbler <b>Type MVT<\/b><\/h2>\t\t<\/div>\n\t\t\t\t<\/div>\n\t\t\t\t<div class=\"elementor-element elementor-element-d5109c3 elementor-widget elementor-widget-text-editor\" data-id=\"d5109c3\" data-element_type=\"widget\" data-widget_type=\"text-editor.default\">\n\t\t\t\t<div class=\"elementor-widget-container\">\n\t\t\t\t\t\t\t\t<div class=\"elementor-text-editor elementor-clearfix\">\n\t\t\t\t<p>TUMBLING \u2013 MARINATING \u2013 DRY SALTING<\/p>\t\t\t\t\t<\/div>\n\t\t\t\t\t\t<\/div>\n\t\t\t\t<\/div>\n\t\t\t\t\t\t<\/div>\n\t\t\t\t\t<\/div>\n\t\t<\/div>\n\t\t\t\t\t\t\t\t<\/div>\n\t\t\t\t\t<\/div>\n\t\t<\/section>\n\t\t\t\t<section class=\"elementor-section elementor-top-section elementor-element elementor-element-2525740 elementor-section-boxed elementor-section-height-default elementor-section-height-default\" data-id=\"2525740\" data-element_type=\"section\" data-settings=\"{&quot;background_background&quot;:&quot;classic&quot;}\">\n\t\t\t\t\t\t<div class=\"elementor-container elementor-column-gap-default\">\n\t\t\t\t\t\t\t<div class=\"elementor-row\">\n\t\t\t\t\t<div class=\"elementor-column elementor-col-50 elementor-top-column elementor-element elementor-element-1f48e81\" data-id=\"1f48e81\" data-element_type=\"column\">\n\t\t\t<div class=\"elementor-column-wrap elementor-element-populated\">\n\t\t\t\t\t\t\t<div class=\"elementor-widget-wrap\">\n\t\t\t\t\t\t<div class=\"elementor-element elementor-element-8372307 elementor-widget elementor-widget-heading\" data-id=\"8372307\" data-element_type=\"widget\" data-widget_type=\"heading.default\">\n\t\t\t\t<div class=\"elementor-widget-container\">\n\t\t\t<h2 class=\"elementor-heading-title elementor-size-default\">For <b>Handwerks&shy;betriebe<\/b> <br>enterprises &amp; <b>laboratories<\/b><\/h2>\t\t<\/div>\n\t\t\t\t<\/div>\n\t\t\t\t\t\t<\/div>\n\t\t\t\t\t<\/div>\n\t\t<\/div>\n\t\t\t\t<div class=\"elementor-column elementor-col-50 elementor-top-column elementor-element elementor-element-3c203f7\" data-id=\"3c203f7\" data-element_type=\"column\">\n\t\t\t<div class=\"elementor-column-wrap elementor-element-populated\">\n\t\t\t\t\t\t\t<div class=\"elementor-widget-wrap\">\n\t\t\t\t\t\t<div class=\"elementor-element elementor-element-7d0be98 elementor-widget elementor-widget-text-editor\" data-id=\"7d0be98\" data-element_type=\"widget\" data-widget_type=\"text-editor.default\">\n\t\t\t\t<div class=\"elementor-widget-container\">\n\t\t\t\t\t\t\t\t<div class=\"elementor-text-editor elementor-clearfix\">\n\t\t\t\t<p>The vacuum tumbler type MVT is produced in the sizes 50 liters, 150 liters and 250 liters.<\/p><p>Adjustable working angle, steplessly adjustable rotational speed from 3-12 RPM, interval vacuum as well as individual control are only a few of the benefits of this machine which also finds use in laboratories.<\/p><p>The MVT is equipped with wheels to enable the variable application in the cold storage.<\/p>\t\t\t\t\t<\/div>\n\t\t\t\t\t\t<\/div>\n\t\t\t\t<\/div>\n\t\t\t\t\t\t<\/div>\n\t\t\t\t\t<\/div>\n\t\t<\/div>\n\t\t\t\t\t\t\t\t<\/div>\n\t\t\t\t\t<\/div>\n\t\t<\/section>\n\t\t\t\t<section class=\"elementor-section elementor-top-section elementor-element elementor-element-06fa194 elementor-section-boxed elementor-section-height-default elementor-section-height-default\" data-id=\"06fa194\" data-element_type=\"section\">\n\t\t\t\t\t\t<div class=\"elementor-container elementor-column-gap-default\">\n\t\t\t\t\t\t\t<div class=\"elementor-row\">\n\t\t\t\t\t<div class=\"elementor-column elementor-col-33 elementor-top-column elementor-element elementor-element-85e03b6\" data-id=\"85e03b6\" data-element_type=\"column\">\n\t\t\t<div class=\"elementor-column-wrap elementor-element-populated\">\n\t\t\t\t\t\t\t<div class=\"elementor-widget-wrap\">\n\t\t\t\t\t\t<div class=\"elementor-element elementor-element-15281e8 elementor-widget elementor-widget-image\" data-id=\"15281e8\" data-element_type=\"widget\" data-widget_type=\"image.default\">\n\t\t\t\t<div class=\"elementor-widget-container\">\n\t\t\t\t\t\t\t\t<div class=\"elementor-image\">\n\t\t\t\t\t\t\t\t\t<figure class=\"wp-caption\">\n\t\t\t\t\t\t\t\t\t\t<img decoding=\"async\" width=\"698\" height=\"464\" src=\"https:\/\/henneken-tumbler.de\/wp-content\/uploads\/2018\/03\/Tumbler_mvt_50l_2.jpg\" class=\"attachment-large size-large wp-image-6257\" alt=\"\" loading=\"lazy\" srcset=\"https:\/\/henneken-tumbler.de\/wp-content\/uploads\/2018\/03\/Tumbler_mvt_50l_2.jpg 698w, https:\/\/henneken-tumbler.de\/wp-content\/uploads\/2018\/03\/Tumbler_mvt_50l_2-300x199.jpg 300w, https:\/\/henneken-tumbler.de\/wp-content\/uploads\/2018\/03\/Tumbler_mvt_50l_2-560x372.jpg 560w, https:\/\/henneken-tumbler.de\/wp-content\/uploads\/2018\/03\/Tumbler_mvt_50l_2-400x266.jpg 400w, https:\/\/henneken-tumbler.de\/wp-content\/uploads\/2018\/03\/Tumbler_mvt_50l_2-451x300.jpg 451w\" sizes=\"(max-width: 698px) 100vw, 698px\" \/>\t\t\t\t\t\t\t\t\t\t\t<figcaption class=\"widget-image-caption wp-caption-text\">Type MVT 50 ltr<\/figcaption>\n\t\t\t\t\t\t\t\t\t\t<\/figure>\n\t\t\t\t\t\t\t\t<\/div>\n\t\t\t\t\t\t<\/div>\n\t\t\t\t<\/div>\n\t\t\t\t\t\t<\/div>\n\t\t\t\t\t<\/div>\n\t\t<\/div>\n\t\t\t\t<div class=\"elementor-column elementor-col-33 elementor-top-column elementor-element elementor-element-91ce02d\" data-id=\"91ce02d\" data-element_type=\"column\">\n\t\t\t<div class=\"elementor-column-wrap elementor-element-populated\">\n\t\t\t\t\t\t\t<div class=\"elementor-widget-wrap\">\n\t\t\t\t\t\t<div class=\"elementor-element elementor-element-1601f05 elementor-widget elementor-widget-image\" data-id=\"1601f05\" data-element_type=\"widget\" data-widget_type=\"image.default\">\n\t\t\t\t<div class=\"elementor-widget-container\">\n\t\t\t\t\t\t\t\t<div class=\"elementor-image\">\n\t\t\t\t\t\t\t\t\t<figure class=\"wp-caption\">\n\t\t\t\t\t\t\t\t\t\t<img decoding=\"async\" width=\"695\" height=\"465\" src=\"https:\/\/henneken-tumbler.de\/wp-content\/uploads\/2018\/03\/Tumbler_mvt_50l_1.jpg\" class=\"attachment-large size-large wp-image-6255\" alt=\"\" loading=\"lazy\" srcset=\"https:\/\/henneken-tumbler.de\/wp-content\/uploads\/2018\/03\/Tumbler_mvt_50l_1.jpg 695w, https:\/\/henneken-tumbler.de\/wp-content\/uploads\/2018\/03\/Tumbler_mvt_50l_1-300x201.jpg 300w, https:\/\/henneken-tumbler.de\/wp-content\/uploads\/2018\/03\/Tumbler_mvt_50l_1-560x375.jpg 560w, https:\/\/henneken-tumbler.de\/wp-content\/uploads\/2018\/03\/Tumbler_mvt_50l_1-400x268.jpg 400w, https:\/\/henneken-tumbler.de\/wp-content\/uploads\/2018\/03\/Tumbler_mvt_50l_1-448x300.jpg 448w\" sizes=\"(max-width: 695px) 100vw, 695px\" \/>\t\t\t\t\t\t\t\t\t\t\t<figcaption class=\"widget-image-caption wp-caption-text\">Type MVT 50 ltr<\/figcaption>\n\t\t\t\t\t\t\t\t\t\t<\/figure>\n\t\t\t\t\t\t\t\t<\/div>\n\t\t\t\t\t\t<\/div>\n\t\t\t\t<\/div>\n\t\t\t\t\t\t<\/div>\n\t\t\t\t\t<\/div>\n\t\t<\/div>\n\t\t\t\t<div class=\"elementor-column elementor-col-33 elementor-top-column elementor-element elementor-element-6d31f10\" data-id=\"6d31f10\" data-element_type=\"column\">\n\t\t\t<div class=\"elementor-column-wrap elementor-element-populated\">\n\t\t\t\t\t\t\t<div class=\"elementor-widget-wrap\">\n\t\t\t\t\t\t<div class=\"elementor-element elementor-element-e4238e2 elementor-invisible elementor-widget elementor-widget-image\" data-id=\"e4238e2\" data-element_type=\"widget\" data-settings=\"{&quot;_animation&quot;:&quot;fadeInRight&quot;}\" data-widget_type=\"image.default\">\n\t\t\t\t<div class=\"elementor-widget-container\">\n\t\t\t\t\t\t\t\t<div class=\"elementor-image\">\n\t\t\t\t\t\t\t\t\t\t\t\t<img decoding=\"async\" src=\"https:\/\/henneken-tumbler.de\/wp-content\/uploads\/2018\/03\/Fotolia_21809842_XL-363x300.jpg\" title=\"Fotolia_21809842_XL\" alt=\"Fotolia_21809842_XL\" \/>\t\t\t\t\t\t\t\t\t\t\t\t\t\t<\/div>\n\t\t\t\t\t\t<\/div>\n\t\t\t\t<\/div>\n\t\t\t\t\t\t<\/div>\n\t\t\t\t\t<\/div>\n\t\t<\/div>\n\t\t\t\t\t\t\t\t<\/div>\n\t\t\t\t\t<\/div>\n\t\t<\/section>\n\t\t\t\t<section class=\"elementor-section elementor-top-section elementor-element elementor-element-f0b0468 elementor-section-boxed elementor-section-height-default elementor-section-height-default\" data-id=\"f0b0468\" data-element_type=\"section\" data-settings=\"{&quot;background_background&quot;:&quot;classic&quot;}\">\n\t\t\t\t\t\t<div class=\"elementor-container elementor-column-gap-default\">\n\t\t\t\t\t\t\t<div class=\"elementor-row\">\n\t\t\t\t\t<div class=\"elementor-column elementor-col-100 elementor-top-column elementor-element elementor-element-b8fa3a3\" data-id=\"b8fa3a3\" data-element_type=\"column\">\n\t\t\t<div class=\"elementor-column-wrap elementor-element-populated\">\n\t\t\t\t\t\t\t<div class=\"elementor-widget-wrap\">\n\t\t\t\t\t\t<div class=\"elementor-element elementor-element-ab3be46 elementor-widget elementor-widget-spacer\" data-id=\"ab3be46\" data-element_type=\"widget\" data-widget_type=\"spacer.default\">\n\t\t\t\t<div class=\"elementor-widget-container\">\n\t\t\t\t\t<div class=\"elementor-spacer\">\n\t\t\t<div class=\"elementor-spacer-inner\"><\/div>\n\t\t<\/div>\n\t\t\t\t<\/div>\n\t\t\t\t<\/div>\n\t\t\t\t<div class=\"elementor-element elementor-element-8e34a69 elementor-widget elementor-widget-heading\" data-id=\"8e34a69\" data-element_type=\"widget\" data-widget_type=\"heading.default\">\n\t\t\t\t<div class=\"elementor-widget-container\">\n\t\t\t<h2 class=\"elementor-heading-title elementor-size-default\">Type MVT <b>Data<\/b><\/h2>\t\t<\/div>\n\t\t\t\t<\/div>\n\t\t\t\t<div class=\"elementor-element elementor-element-3003e12 mobilescrollfix elementor-widget elementor-widget-text-editor\" data-id=\"3003e12\" data-element_type=\"widget\" data-widget_type=\"text-editor.default\">\n\t\t\t\t<div class=\"elementor-widget-container\">\n\t\t\t\t\t\t\t\t<div class=\"elementor-text-editor elementor-clearfix\">\n\t\t\t\t<table width=\"100%\"\">\n<thead>\n<tr>\n<th class=\"tg-031e\">type<\/th>\n<th class=\"tg-031e\">volume<\/th>\n<th class=\"tg-031e\">rpm<\/th>\n<th class=\"tg-031e\">power<\/th>\n<th class=\"tg-031e\">width<\/th>\n<th class=\"tg-031e\">length<\/th>\n<th class=\"tg-031e\">height<\/th>\n<\/tr>\n<\/thead>\n<tbody>\n<tr>\n<td class=\"tg-031e\">MVT0<\/td>\n<td class=\"tg-031e\">50 ltr<\/td>\n<td class=\"tg-031e\">2 &#8211; 12<\/td>\n<td class=\"tg-031e\">0,6 kW<\/td>\n<td class=\"tg-031e\">650 mm<\/td>\n<td class=\"tg-031e\">1.000 mm<\/td>\n<td class=\"tg-031e\">1.890 mm<\/td>\n<\/tr>\n<tr>\n<td class=\"tg-031e\">MVT1<\/td>\n<td class=\"tg-031e\">150 ltr<\/td>\n<td class=\"tg-031e\">2 &#8211; 12<\/td>\n<td class=\"tg-031e\">1,1 kW<\/td>\n<td class=\"tg-031e\">800 mm<\/td>\n<td class=\"tg-031e\">1.650 mm<\/td>\n<td class=\"tg-031e\">2.180 mm<\/td>\n<\/tr>\n<tr>\n<td class=\"tg-031e\">MVT2<\/td>\n<td class=\"tg-031e\">250 ltr<\/td>\n<td class=\"tg-031e\">2 &#8211; 12<\/td>\n<td class=\"tg-031e\">1,1 kW<\/td>\n<td class=\"tg-031e\">900 mm<\/td>\n<td class=\"tg-031e\">1.700 mm<\/td>\n<td class=\"tg-031e\">2.280 mm<\/td>\n<\/tr>\n<\/tbody>\n<\/table>\t\t\t\t\t<\/div>\n\t\t\t\t\t\t<\/div>\n\t\t\t\t<\/div>\n\t\t\t\t<div class=\"elementor-element elementor-element-5c335ef elementor-widget elementor-widget-text-editor\" data-id=\"5c335ef\" data-element_type=\"widget\" data-widget_type=\"text-editor.default\">\n\t\t\t\t<div class=\"elementor-widget-container\">\n\t\t\t\t\t\t\t\t<div class=\"elementor-text-editor elementor-clearfix\">\n\t\t\t\t<p style=\"text-align: center;\"><span style=\"color: #808080;\"><em>Changes reserved.<\/em><\/span><\/p>\t\t\t\t\t<\/div>\n\t\t\t\t\t\t<\/div>\n\t\t\t\t<\/div>\n\t\t\t\t<div class=\"elementor-element elementor-element-4614970 elementor-widget elementor-widget-spacer\" data-id=\"4614970\" data-element_type=\"widget\" data-widget_type=\"spacer.default\">\n\t\t\t\t<div class=\"elementor-widget-container\">\n\t\t\t\t\t<div class=\"elementor-spacer\">\n\t\t\t<div class=\"elementor-spacer-inner\"><\/div>\n\t\t<\/div>\n\t\t\t\t<\/div>\n\t\t\t\t<\/div>\n\t\t\t\t\t\t<\/div>\n\t\t\t\t\t<\/div>\n\t\t<\/div>\n\t\t\t\t\t\t\t\t<\/div>\n\t\t\t\t\t<\/div>\n\t\t<\/section>\n\t\t\t\t\t\t\t\t\t<\/div>\n\t\t\t<\/div>\n\t\t\t\t\t<\/div>","protected":false},"excerpt":{"rendered":"<p>Tumbler Typ MVT TUMBLEN &#8211; MARINIEREN &#8211; TROCKENSALZEN F\u00fcr Handwerks&shy;betriebe &amp; Labore Der Vakuumtumbler Typ MVT wird in den Gr\u00f6\u00dfen 50 ltr, 150 ltr und 250 ltr produziert. Einstellbarer Arbeitswinkel, stufenloser Drehzahlbereich von 3 &#8211; 12 Umdrehungen pro Minute, Intervallvakuum sowie Intervallsteuerung sind nur einige Vorz\u00fcge dieser Handwerksmaschine, die auch in Laboren Ihren Einsatz findet. [&hellip;]<\/p>","protected":false},"author":1,"featured_media":0,"parent":6153,"menu_order":0,"comment_status":"closed","ping_status":"closed","template":"","meta":[],"_links":{"self":[{"href":"https:\/\/henneken-tumbler.de\/en\/wp-json\/wp\/v2\/pages\/6253"}],"collection":[{"href":"https:\/\/henneken-tumbler.de\/en\/wp-json\/wp\/v2\/pages"}],"about":[{"href":"https:\/\/henneken-tumbler.de\/en\/wp-json\/wp\/v2\/types\/page"}],"author":[{"embeddable":true,"href":"https:\/\/henneken-tumbler.de\/en\/wp-json\/wp\/v2\/users\/1"}],"replies":[{"embeddable":true,"href":"https:\/\/henneken-tumbler.de\/en\/wp-json\/wp\/v2\/comments?post=6253"}],"version-history":[{"count":0,"href":"https:\/\/henneken-tumbler.de\/en\/wp-json\/wp\/v2\/pages\/6253\/revisions"}],"up":[{"embeddable":true,"href":"https:\/\/henneken-tumbler.de\/en\/wp-json\/wp\/v2\/pages\/6153"}],"wp:attachment":[{"href":"https:\/\/henneken-tumbler.de\/en\/wp-json\/wp\/v2\/media?parent=6253"}],"curies":[{"name":"wp","href":"https:\/\/api.w.org\/{rel}","templated":true}]}}