{"id":6225,"date":"2018-03-06T19:09:07","date_gmt":"2018-03-06T18:09:07","guid":{"rendered":"http:\/\/henneken-tumbler.de\/?page_id=6225"},"modified":"2022-12-18T15:16:00","modified_gmt":"2022-12-18T14:16:00","slug":"typ-c","status":"publish","type":"page","link":"https:\/\/henneken-tumbler.de\/en\/produkte\/tumbler\/typ-c\/","title":{"rendered":"Type C"},"content":{"rendered":"<div data-elementor-type=\"wp-post\" data-elementor-id=\"6225\" class=\"elementor elementor-6225\">\n\t\t\t\t\t\t<div class=\"elementor-inner\">\n\t\t\t\t<div class=\"elementor-section-wrap\">\n\t\t\t\t\t\t\t\t\t<section class=\"elementor-section elementor-top-section elementor-element elementor-element-f2f8917 elementor-section-boxed elementor-section-height-default elementor-section-height-default\" data-id=\"f2f8917\" data-element_type=\"section\">\n\t\t\t\t\t\t<div class=\"elementor-container elementor-column-gap-default\">\n\t\t\t\t\t\t\t<div class=\"elementor-row\">\n\t\t\t\t\t<div class=\"elementor-column elementor-col-50 elementor-top-column elementor-element elementor-element-76ecb23\" data-id=\"76ecb23\" data-element_type=\"column\">\n\t\t\t<div class=\"elementor-column-wrap elementor-element-populated\">\n\t\t\t\t\t\t\t<div class=\"elementor-widget-wrap\">\n\t\t\t\t\t\t<div class=\"elementor-element elementor-element-d4100cd elementor-invisible elementor-widget elementor-widget-image\" data-id=\"d4100cd\" data-element_type=\"widget\" data-settings=\"{&quot;_animation&quot;:&quot;fadeInLeft&quot;}\" data-widget_type=\"image.default\">\n\t\t\t\t<div class=\"elementor-widget-container\">\n\t\t\t\t\t\t\t\t<div class=\"elementor-image\">\n\t\t\t\t\t\t\t\t\t\t\t\t<img decoding=\"async\" width=\"1024\" height=\"1024\" src=\"https:\/\/henneken-tumbler.de\/wp-content\/uploads\/2018\/03\/Tumbler_typ_c-1024x1024.jpg\" class=\"attachment-large size-large wp-image-6157\" alt=\"\" loading=\"lazy\" srcset=\"https:\/\/henneken-tumbler.de\/wp-content\/uploads\/2018\/03\/Tumbler_typ_c-1024x1024.jpg 1024w, https:\/\/henneken-tumbler.de\/wp-content\/uploads\/2018\/03\/Tumbler_typ_c-150x150.jpg 150w, https:\/\/henneken-tumbler.de\/wp-content\/uploads\/2018\/03\/Tumbler_typ_c-300x300.jpg 300w, https:\/\/henneken-tumbler.de\/wp-content\/uploads\/2018\/03\/Tumbler_typ_c-768x768.jpg 768w, https:\/\/henneken-tumbler.de\/wp-content\/uploads\/2018\/03\/Tumbler_typ_c-460x460.jpg 460w, https:\/\/henneken-tumbler.de\/wp-content\/uploads\/2018\/03\/Tumbler_typ_c-560x560.jpg 560w, https:\/\/henneken-tumbler.de\/wp-content\/uploads\/2018\/03\/Tumbler_typ_c-104x104.jpg 104w, https:\/\/henneken-tumbler.de\/wp-content\/uploads\/2018\/03\/Tumbler_typ_c-260x260.jpg 260w, https:\/\/henneken-tumbler.de\/wp-content\/uploads\/2018\/03\/Tumbler_typ_c-78x78.jpg 78w, https:\/\/henneken-tumbler.de\/wp-content\/uploads\/2018\/03\/Tumbler_typ_c-270x270.jpg 270w, https:\/\/henneken-tumbler.de\/wp-content\/uploads\/2018\/03\/Tumbler_typ_c-400x400.jpg 400w, https:\/\/henneken-tumbler.de\/wp-content\/uploads\/2018\/03\/Tumbler_typ_c-900x900.jpg 900w, https:\/\/henneken-tumbler.de\/wp-content\/uploads\/2018\/03\/Tumbler_typ_c-675x675.jpg 675w, https:\/\/henneken-tumbler.de\/wp-content\/uploads\/2018\/03\/Tumbler_typ_c-286x286.jpg 286w, https:\/\/henneken-tumbler.de\/wp-content\/uploads\/2018\/03\/Tumbler_typ_c-450x450.jpg 450w, https:\/\/henneken-tumbler.de\/wp-content\/uploads\/2018\/03\/Tumbler_typ_c-1081x1080.jpg 1081w, https:\/\/henneken-tumbler.de\/wp-content\/uploads\/2018\/03\/Tumbler_typ_c.jpg 1925w\" sizes=\"(max-width: 1024px) 100vw, 1024px\" \/>\t\t\t\t\t\t\t\t\t\t\t\t\t\t<\/div>\n\t\t\t\t\t\t<\/div>\n\t\t\t\t<\/div>\n\t\t\t\t\t\t<\/div>\n\t\t\t\t\t<\/div>\n\t\t<\/div>\n\t\t\t\t<div class=\"elementor-column elementor-col-50 elementor-top-column elementor-element elementor-element-ab416d7\" data-id=\"ab416d7\" data-element_type=\"column\">\n\t\t\t<div class=\"elementor-column-wrap elementor-element-populated\">\n\t\t\t\t\t\t\t<div class=\"elementor-widget-wrap\">\n\t\t\t\t\t\t<div class=\"elementor-element elementor-element-38caa1d elementor-widget elementor-widget-heading\" data-id=\"38caa1d\" data-element_type=\"widget\" data-widget_type=\"heading.default\">\n\t\t\t\t<div class=\"elementor-widget-container\">\n\t\t\t<h2 class=\"elementor-heading-title elementor-size-default\">Tumbler <b>Type C<\/b><\/h2>\t\t<\/div>\n\t\t\t\t<\/div>\n\t\t\t\t<div class=\"elementor-element elementor-element-74ea1d0 elementor-widget elementor-widget-text-editor\" data-id=\"74ea1d0\" data-element_type=\"widget\" data-widget_type=\"text-editor.default\">\n\t\t\t\t<div class=\"elementor-widget-container\">\n\t\t\t\t\t\t\t\t<div class=\"elementor-text-editor elementor-clearfix\">\n\t\t\t\t<p><span style=\"color: #808080;\">HORIZONTALE ROTATING CONTAINER WITH TWO OPENINGS<\/span><\/p>\t\t\t\t\t<\/div>\n\t\t\t\t\t\t<\/div>\n\t\t\t\t<\/div>\n\t\t\t\t<div class=\"elementor-element elementor-element-259837e elementor-widget elementor-widget-spacer\" data-id=\"259837e\" data-element_type=\"widget\" data-widget_type=\"spacer.default\">\n\t\t\t\t<div class=\"elementor-widget-container\">\n\t\t\t\t\t<div class=\"elementor-spacer\">\n\t\t\t<div class=\"elementor-spacer-inner\"><\/div>\n\t\t<\/div>\n\t\t\t\t<\/div>\n\t\t\t\t<\/div>\n\t\t\t\t\t\t<\/div>\n\t\t\t\t\t<\/div>\n\t\t<\/div>\n\t\t\t\t\t\t\t\t<\/div>\n\t\t\t\t\t<\/div>\n\t\t<\/section>\n\t\t\t\t<section class=\"elementor-section elementor-top-section elementor-element elementor-element-36bbd18 elementor-section-boxed elementor-section-height-default elementor-section-height-default\" data-id=\"36bbd18\" data-element_type=\"section\" data-settings=\"{&quot;background_background&quot;:&quot;classic&quot;}\">\n\t\t\t\t\t\t<div class=\"elementor-container elementor-column-gap-default\">\n\t\t\t\t\t\t\t<div class=\"elementor-row\">\n\t\t\t\t\t<div class=\"elementor-column elementor-col-50 elementor-top-column elementor-element elementor-element-6f78df8\" data-id=\"6f78df8\" data-element_type=\"column\">\n\t\t\t<div class=\"elementor-column-wrap elementor-element-populated\">\n\t\t\t\t\t\t\t<div class=\"elementor-widget-wrap\">\n\t\t\t\t\t\t<div class=\"elementor-element elementor-element-02ed986 elementor-widget elementor-widget-heading\" data-id=\"02ed986\" data-element_type=\"widget\" data-widget_type=\"heading.default\">\n\t\t\t\t<div class=\"elementor-widget-container\">\n\t\t\t<h2 class=\"elementor-heading-title elementor-size-default\"><b>Inline<\/b>-production<\/h2>\t\t<\/div>\n\t\t\t\t<\/div>\n\t\t\t\t\t\t<\/div>\n\t\t\t\t\t<\/div>\n\t\t<\/div>\n\t\t\t\t<div class=\"elementor-column elementor-col-50 elementor-top-column elementor-element elementor-element-6b1966a\" data-id=\"6b1966a\" data-element_type=\"column\">\n\t\t\t<div class=\"elementor-column-wrap elementor-element-populated\">\n\t\t\t\t\t\t\t<div class=\"elementor-widget-wrap\">\n\t\t\t\t\t\t<div class=\"elementor-element elementor-element-99b01ac elementor-widget elementor-widget-text-editor\" data-id=\"99b01ac\" data-element_type=\"widget\" data-widget_type=\"text-editor.default\">\n\t\t\t\t<div class=\"elementor-widget-container\">\n\t\t\t\t\t\t\t\t<div class=\"elementor-text-editor elementor-clearfix\">\n\t\t\t\tThe vacuum tumbler type C is characterized by its two opposing openings. Thereby the user can apply the vacuum tumbler for the \u201cin-line\u201d production. For the type C we produce containers in the sizes of 1,800 liters up to 11,000 liters.\n\nA robust drive with four heavy-duty wheels and a frequency controller allow a speed range between 1 and 10 RPM. The opposing opening lids enable fast loading and discharge as well as thorough cleaning. All tumbler parameters can be adjusted by the user friendly SIEMENS touch panel and are also programmable.\t\t\t\t\t<\/div>\n\t\t\t\t\t\t<\/div>\n\t\t\t\t<\/div>\n\t\t\t\t\t\t<\/div>\n\t\t\t\t\t<\/div>\n\t\t<\/div>\n\t\t\t\t\t\t\t\t<\/div>\n\t\t\t\t\t<\/div>\n\t\t<\/section>\n\t\t\t\t<section class=\"elementor-section elementor-top-section elementor-element elementor-element-f420bd4 elementor-section-boxed elementor-section-height-default elementor-section-height-default\" data-id=\"f420bd4\" data-element_type=\"section\">\n\t\t\t\t\t\t<div class=\"elementor-container elementor-column-gap-default\">\n\t\t\t\t\t\t\t<div class=\"elementor-row\">\n\t\t\t\t\t<div class=\"elementor-column elementor-col-50 elementor-top-column elementor-element elementor-element-55e8c3d\" data-id=\"55e8c3d\" data-element_type=\"column\">\n\t\t\t<div class=\"elementor-column-wrap elementor-element-populated\">\n\t\t\t\t\t\t\t<div class=\"elementor-widget-wrap\">\n\t\t\t\t\t\t<div class=\"elementor-element elementor-element-9428a8f elementor-widget elementor-widget-spacer\" data-id=\"9428a8f\" data-element_type=\"widget\" data-widget_type=\"spacer.default\">\n\t\t\t\t<div class=\"elementor-widget-container\">\n\t\t\t\t\t<div class=\"elementor-spacer\">\n\t\t\t<div class=\"elementor-spacer-inner\"><\/div>\n\t\t<\/div>\n\t\t\t\t<\/div>\n\t\t\t\t<\/div>\n\t\t\t\t<div class=\"elementor-element elementor-element-9852c91 elementor-widget elementor-widget-image\" data-id=\"9852c91\" data-element_type=\"widget\" data-widget_type=\"image.default\">\n\t\t\t\t<div class=\"elementor-widget-container\">\n\t\t\t\t\t\t\t\t<div class=\"elementor-image\">\n\t\t\t\t\t\t\t\t\t\t\t\t<img decoding=\"async\" width=\"1024\" height=\"546\" src=\"https:\/\/henneken-tumbler.de\/wp-content\/uploads\/2018\/03\/tumbler_c_vakuumbeschickung-1024x546.jpg\" class=\"attachment-large size-large wp-image-6232\" alt=\"\" loading=\"lazy\" srcset=\"https:\/\/henneken-tumbler.de\/wp-content\/uploads\/2018\/03\/tumbler_c_vakuumbeschickung-1024x546.jpg 1024w, https:\/\/henneken-tumbler.de\/wp-content\/uploads\/2018\/03\/tumbler_c_vakuumbeschickung-300x160.jpg 300w, https:\/\/henneken-tumbler.de\/wp-content\/uploads\/2018\/03\/tumbler_c_vakuumbeschickung-768x409.jpg 768w, https:\/\/henneken-tumbler.de\/wp-content\/uploads\/2018\/03\/tumbler_c_vakuumbeschickung-560x298.jpg 560w, https:\/\/henneken-tumbler.de\/wp-content\/uploads\/2018\/03\/tumbler_c_vakuumbeschickung-400x213.jpg 400w, https:\/\/henneken-tumbler.de\/wp-content\/uploads\/2018\/03\/tumbler_c_vakuumbeschickung-900x480.jpg 900w, https:\/\/henneken-tumbler.de\/wp-content\/uploads\/2018\/03\/tumbler_c_vakuumbeschickung-563x300.jpg 563w, https:\/\/henneken-tumbler.de\/wp-content\/uploads\/2018\/03\/tumbler_c_vakuumbeschickung-1267x675.jpg 1267w, https:\/\/henneken-tumbler.de\/wp-content\/uploads\/2018\/03\/tumbler_c_vakuumbeschickung-1920x1023.jpg 1920w, https:\/\/henneken-tumbler.de\/wp-content\/uploads\/2018\/03\/tumbler_c_vakuumbeschickung.jpg 1982w\" sizes=\"(max-width: 1024px) 100vw, 1024px\" \/>\t\t\t\t\t\t\t\t\t\t\t\t\t\t<\/div>\n\t\t\t\t\t\t<\/div>\n\t\t\t\t<\/div>\n\t\t\t\t\t\t<\/div>\n\t\t\t\t\t<\/div>\n\t\t<\/div>\n\t\t\t\t<div class=\"elementor-column elementor-col-50 elementor-top-column elementor-element elementor-element-e6ca186\" data-id=\"e6ca186\" data-element_type=\"column\">\n\t\t\t<div class=\"elementor-column-wrap elementor-element-populated\">\n\t\t\t\t\t\t\t<div class=\"elementor-widget-wrap\">\n\t\t\t\t\t\t<div class=\"elementor-element elementor-element-58916f7 elementor-invisible elementor-widget elementor-widget-image\" data-id=\"58916f7\" data-element_type=\"widget\" data-settings=\"{&quot;_animation&quot;:&quot;fadeInRight&quot;}\" data-widget_type=\"image.default\">\n\t\t\t\t<div class=\"elementor-widget-container\">\n\t\t\t\t\t\t\t\t<div class=\"elementor-image\">\n\t\t\t\t\t\t\t\t\t\t\t\t<img decoding=\"async\" width=\"1024\" height=\"686\" src=\"https:\/\/henneken-tumbler.de\/wp-content\/uploads\/2018\/03\/schinken-auf-brot-1-1024x686.jpg\" class=\"attachment-large size-large wp-image-6235\" alt=\"\" loading=\"lazy\" srcset=\"https:\/\/henneken-tumbler.de\/wp-content\/uploads\/2018\/03\/schinken-auf-brot-1-1024x686.jpg 1024w, https:\/\/henneken-tumbler.de\/wp-content\/uploads\/2018\/03\/schinken-auf-brot-1-300x201.jpg 300w, https:\/\/henneken-tumbler.de\/wp-content\/uploads\/2018\/03\/schinken-auf-brot-1-768x514.jpg 768w, https:\/\/henneken-tumbler.de\/wp-content\/uploads\/2018\/03\/schinken-auf-brot-1-560x375.jpg 560w, https:\/\/henneken-tumbler.de\/wp-content\/uploads\/2018\/03\/schinken-auf-brot-1-400x268.jpg 400w, https:\/\/henneken-tumbler.de\/wp-content\/uploads\/2018\/03\/schinken-auf-brot-1-900x602.jpg 900w, https:\/\/henneken-tumbler.de\/wp-content\/uploads\/2018\/03\/schinken-auf-brot-1-448x300.jpg 448w, https:\/\/henneken-tumbler.de\/wp-content\/uploads\/2018\/03\/schinken-auf-brot-1-1008x675.jpg 1008w, https:\/\/henneken-tumbler.de\/wp-content\/uploads\/2018\/03\/schinken-auf-brot-1-1613x1080.jpg 1613w, https:\/\/henneken-tumbler.de\/wp-content\/uploads\/2018\/03\/schinken-auf-brot-1.jpg 1685w\" sizes=\"(max-width: 1024px) 100vw, 1024px\" \/>\t\t\t\t\t\t\t\t\t\t\t\t\t\t<\/div>\n\t\t\t\t\t\t<\/div>\n\t\t\t\t<\/div>\n\t\t\t\t<div class=\"elementor-element elementor-element-5593ddb elementor-widget elementor-widget-spacer\" data-id=\"5593ddb\" data-element_type=\"widget\" data-widget_type=\"spacer.default\">\n\t\t\t\t<div class=\"elementor-widget-container\">\n\t\t\t\t\t<div class=\"elementor-spacer\">\n\t\t\t<div class=\"elementor-spacer-inner\"><\/div>\n\t\t<\/div>\n\t\t\t\t<\/div>\n\t\t\t\t<\/div>\n\t\t\t\t\t\t<\/div>\n\t\t\t\t\t<\/div>\n\t\t<\/div>\n\t\t\t\t\t\t\t\t<\/div>\n\t\t\t\t\t<\/div>\n\t\t<\/section>\n\t\t\t\t<section class=\"elementor-section elementor-top-section elementor-element elementor-element-65bfd47 elementor-section-boxed elementor-section-height-default elementor-section-height-default\" data-id=\"65bfd47\" data-element_type=\"section\" data-settings=\"{&quot;background_background&quot;:&quot;classic&quot;}\">\n\t\t\t\t\t\t<div class=\"elementor-container elementor-column-gap-default\">\n\t\t\t\t\t\t\t<div class=\"elementor-row\">\n\t\t\t\t\t<div class=\"elementor-column elementor-col-100 elementor-top-column elementor-element elementor-element-0ad7335\" data-id=\"0ad7335\" data-element_type=\"column\">\n\t\t\t<div class=\"elementor-column-wrap elementor-element-populated\">\n\t\t\t\t\t\t\t<div class=\"elementor-widget-wrap\">\n\t\t\t\t\t\t<div class=\"elementor-element elementor-element-3ef688d elementor-widget elementor-widget-spacer\" data-id=\"3ef688d\" data-element_type=\"widget\" data-widget_type=\"spacer.default\">\n\t\t\t\t<div class=\"elementor-widget-container\">\n\t\t\t\t\t<div class=\"elementor-spacer\">\n\t\t\t<div class=\"elementor-spacer-inner\"><\/div>\n\t\t<\/div>\n\t\t\t\t<\/div>\n\t\t\t\t<\/div>\n\t\t\t\t<div class=\"elementor-element elementor-element-0ccb53d elementor-widget elementor-widget-heading\" data-id=\"0ccb53d\" data-element_type=\"widget\" data-widget_type=\"heading.default\">\n\t\t\t\t<div class=\"elementor-widget-container\">\n\t\t\t<h2 class=\"elementor-heading-title elementor-size-default\">Type C <b>Data<\/b><\/h2>\t\t<\/div>\n\t\t\t\t<\/div>\n\t\t\t\t<div class=\"elementor-element elementor-element-601288b elementor-widget elementor-widget-spacer\" data-id=\"601288b\" data-element_type=\"widget\" data-widget_type=\"spacer.default\">\n\t\t\t\t<div class=\"elementor-widget-container\">\n\t\t\t\t\t<div class=\"elementor-spacer\">\n\t\t\t<div class=\"elementor-spacer-inner\"><\/div>\n\t\t<\/div>\n\t\t\t\t<\/div>\n\t\t\t\t<\/div>\n\t\t\t\t<div class=\"elementor-element elementor-element-f8d77d9 mobilescrollfix elementor-widget elementor-widget-text-editor\" data-id=\"f8d77d9\" data-element_type=\"widget\" data-widget_type=\"text-editor.default\">\n\t\t\t\t<div class=\"elementor-widget-container\">\n\t\t\t\t\t\t\t\t<div class=\"elementor-text-editor elementor-clearfix\">\n\t\t\t\t<table width=\"100%\">\n<thead>\n<tr>\n<th class=\"tg-031e\" style=\"text-align: left;\">type<\/th>\n<th class=\"tg-031e\">volume<\/th>\n<th class=\"tg-031e\">rpm<\/th>\n<th class=\"tg-031e\">power<\/th>\n<th class=\"tg-031e\">width<\/th>\n<th class=\"tg-031e\">length<\/th>\n<th class=\"tg-031e\">height<\/th>\n<\/tr>\n<\/thead>\n<tbody>\n<tr>\n<td class=\"tg-031e\">C0<\/td>\n<td class=\"tg-031e\">1.800 ltr<\/td>\n<td class=\"tg-031e\">\u00a01 &#8211; 10<\/td>\n<td class=\"tg-031e\">3,5 kW<\/td>\n<td class=\"tg-031e\">2.180 mm<\/td>\n<td class=\"tg-031e\">1.710 mm<\/td>\n<td class=\"tg-031e\">1.890 mm<\/td>\n<\/tr>\n<tr>\n<td class=\"tg-031e\">C1<\/td>\n<td class=\"tg-031e\">2.850 ltr<\/td>\n<td class=\"tg-031e\">1 &#8211; 10<\/td>\n<td class=\"tg-031e\">4,7 kW<\/td>\n<td class=\"tg-031e\">2.370 mm<\/td>\n<td class=\"tg-031e\">1.980 mm<\/td>\n<td class=\"tg-031e\">2.180 mm<\/td>\n<\/tr>\n<tr>\n<td class=\"tg-031e\">C2<\/td>\n<td class=\"tg-031e\">3.650 ltr<\/td>\n<td class=\"tg-031e\">1 &#8211; 10<\/td>\n<td class=\"tg-031e\">6,0 kW<\/td>\n<td class=\"tg-031e\">2.550 mm<\/td>\n<td class=\"tg-031e\">2.040 mm<\/td>\n<td class=\"tg-031e\">2.280 mm<\/td>\n<\/tr>\n<tr>\n<td class=\"tg-031e\">C3<\/td>\n<td class=\"tg-031e\">4.600 ltr<\/td>\n<td class=\"tg-031e\">1 &#8211; 10<\/td>\n<td class=\"tg-031e\">11,0 kW<\/td>\n<td class=\"tg-031e\">2.805 mm<\/td>\n<td class=\"tg-031e\">2.090 mm<\/td>\n<td class=\"tg-031e\">2.390 mm<\/td>\n<\/tr>\n<tr>\n<td class=\"tg-031e\">C4<\/td>\n<td class=\"tg-031e\">6.500 ltr<\/td>\n<td class=\"tg-031e\">1 &#8211; 10<\/td>\n<td class=\"tg-031e\">12,5 kW<\/td>\n<td class=\"tg-031e\">2.820 mm<\/td>\n<td class=\"tg-031e\">2.690 mm<\/td>\n<td class=\"tg-031e\">2.390 mm<\/td>\n<\/tr>\n<tr>\n<td class=\"tg-031e\">C5<\/td>\n<td class=\"tg-031e\">8.750 ltr<\/td>\n<td class=\"tg-031e\">1 &#8211; 10<\/td>\n<td class=\"tg-031e\">21,0 kW<\/td>\n<td class=\"tg-031e\">3.280 mm<\/td>\n<td class=\"tg-031e\">2.810 mm<\/td>\n<td class=\"tg-031e\">2.650 mm<\/td>\n<\/tr>\n<tr>\n<td class=\"tg-031e\">C6<\/td>\n<td class=\"tg-031e\">11.000 ltr<\/td>\n<td class=\"tg-031e\">1 &#8211; 10<\/td>\n<td class=\"tg-031e\">30,0 kW<\/td>\n<td class=\"tg-031e\">3.280 mm<\/td>\n<td class=\"tg-031e\">3.310 mm<\/td>\n<td class=\"tg-031e\">2.690 mm<\/td>\n<\/tr>\n<\/tbody>\n<\/table>\t\t\t\t\t<\/div>\n\t\t\t\t\t\t<\/div>\n\t\t\t\t<\/div>\n\t\t\t\t<div class=\"elementor-element elementor-element-6d8bf16 elementor-widget elementor-widget-spacer\" data-id=\"6d8bf16\" data-element_type=\"widget\" data-widget_type=\"spacer.default\">\n\t\t\t\t<div class=\"elementor-widget-container\">\n\t\t\t\t\t<div class=\"elementor-spacer\">\n\t\t\t<div class=\"elementor-spacer-inner\"><\/div>\n\t\t<\/div>\n\t\t\t\t<\/div>\n\t\t\t\t<\/div>\n\t\t\t\t<div class=\"elementor-element elementor-element-8fe573e elementor-widget elementor-widget-text-editor\" data-id=\"8fe573e\" data-element_type=\"widget\" data-widget_type=\"text-editor.default\">\n\t\t\t\t<div class=\"elementor-widget-container\">\n\t\t\t\t\t\t\t\t<div class=\"elementor-text-editor elementor-clearfix\">\n\t\t\t\t<p style=\"text-align: center;\"><em>Changes reserved.<\/em><\/p>\t\t\t\t\t<\/div>\n\t\t\t\t\t\t<\/div>\n\t\t\t\t<\/div>\n\t\t\t\t<div class=\"elementor-element elementor-element-7032d52 elementor-widget elementor-widget-spacer\" data-id=\"7032d52\" data-element_type=\"widget\" data-widget_type=\"spacer.default\">\n\t\t\t\t<div class=\"elementor-widget-container\">\n\t\t\t\t\t<div class=\"elementor-spacer\">\n\t\t\t<div class=\"elementor-spacer-inner\"><\/div>\n\t\t<\/div>\n\t\t\t\t<\/div>\n\t\t\t\t<\/div>\n\t\t\t\t\t\t<\/div>\n\t\t\t\t\t<\/div>\n\t\t<\/div>\n\t\t\t\t\t\t\t\t<\/div>\n\t\t\t\t\t<\/div>\n\t\t<\/section>\n\t\t\t\t\t\t\t\t\t<\/div>\n\t\t\t<\/div>\n\t\t\t\t\t<\/div>","protected":false},"excerpt":{"rendered":"<p>Tumbler Typ&#038;nbspC HORIZONTAL ROTIERENDER BEH\u00c4LTER MIT ZWEI \u00d6FFNUNGEN inline-produktion Der Vakuumtumbler Typ C zeichnet sich durch seine zwei gegen\u00fcberliegenden \u00d6ffnungen aus. Dadurch wird dem Benutzer erm\u00f6glicht, den Vakuumtumbler f\u00fcr die \u201eIn-line\u201c-Produktion zu verwenden. Es werden beim Typ C Beh\u00e4ltergr\u00f6\u00dfen von 1.800 bis 11.000 ltr gefertigt. Ein robuster 4-Radantrieb spezieller Schwerlastr\u00e4der und ein frequenz&shy;umrichter&shy;gesteuertes Getriebe erm\u00f6glichen [&hellip;]<\/p>","protected":false},"author":1,"featured_media":0,"parent":6153,"menu_order":0,"comment_status":"closed","ping_status":"closed","template":"","meta":[],"_links":{"self":[{"href":"https:\/\/henneken-tumbler.de\/en\/wp-json\/wp\/v2\/pages\/6225"}],"collection":[{"href":"https:\/\/henneken-tumbler.de\/en\/wp-json\/wp\/v2\/pages"}],"about":[{"href":"https:\/\/henneken-tumbler.de\/en\/wp-json\/wp\/v2\/types\/page"}],"author":[{"embeddable":true,"href":"https:\/\/henneken-tumbler.de\/en\/wp-json\/wp\/v2\/users\/1"}],"replies":[{"embeddable":true,"href":"https:\/\/henneken-tumbler.de\/en\/wp-json\/wp\/v2\/comments?post=6225"}],"version-history":[{"count":0,"href":"https:\/\/henneken-tumbler.de\/en\/wp-json\/wp\/v2\/pages\/6225\/revisions"}],"up":[{"embeddable":true,"href":"https:\/\/henneken-tumbler.de\/en\/wp-json\/wp\/v2\/pages\/6153"}],"wp:attachment":[{"href":"https:\/\/henneken-tumbler.de\/en\/wp-json\/wp\/v2\/media?parent=6225"}],"curies":[{"name":"wp","href":"https:\/\/api.w.org\/{rel}","templated":true}]}}