{"id":6153,"date":"2018-03-05T16:02:34","date_gmt":"2018-03-05T15:02:34","guid":{"rendered":"http:\/\/henneken-tumbler.de\/?page_id=6153"},"modified":"2022-12-10T14:01:49","modified_gmt":"2022-12-10T13:01:49","slug":"tumbler","status":"publish","type":"page","link":"https:\/\/henneken-tumbler.de\/en\/produkte\/tumbler\/","title":{"rendered":"Tumbler"},"content":{"rendered":"<div data-elementor-type=\"wp-post\" data-elementor-id=\"6153\" class=\"elementor elementor-6153\">\n\t\t\t\t\t\t<div class=\"elementor-inner\">\n\t\t\t\t<div class=\"elementor-section-wrap\">\n\t\t\t\t\t\t\t\t\t<section class=\"elementor-section elementor-top-section elementor-element elementor-element-748d460 elementor-section-boxed elementor-section-height-default elementor-section-height-default\" data-id=\"748d460\" data-element_type=\"section\">\n\t\t\t\t\t\t<div class=\"elementor-container elementor-column-gap-default\">\n\t\t\t\t\t\t\t<div class=\"elementor-row\">\n\t\t\t\t\t<div class=\"elementor-column elementor-col-50 elementor-top-column elementor-element elementor-element-ce6d511\" data-id=\"ce6d511\" data-element_type=\"column\">\n\t\t\t<div class=\"elementor-column-wrap elementor-element-populated\">\n\t\t\t\t\t\t\t<div class=\"elementor-widget-wrap\">\n\t\t\t\t\t\t<div class=\"elementor-element elementor-element-04a6f40 elementor-widget elementor-widget-heading\" data-id=\"04a6f40\" data-element_type=\"widget\" data-widget_type=\"heading.default\">\n\t\t\t\t<div class=\"elementor-widget-container\">\n\t\t\t<h2 class=\"elementor-heading-title elementor-size-default\"><b>Tumbler<\/b><\/h2>\t\t<\/div>\n\t\t\t\t<\/div>\n\t\t\t\t<div class=\"elementor-element elementor-element-e144705 elementor-widget elementor-widget-text-editor\" data-id=\"e144705\" data-element_type=\"widget\" data-widget_type=\"text-editor.default\">\n\t\t\t\t<div class=\"elementor-widget-container\">\n\t\t\t\t\t\t\t\t<div class=\"elementor-text-editor elementor-clearfix\">\n\t\t\t\t<p style=\"text-align: center;\">HIGH VARIANCE SINCE 1977<\/p>\t\t\t\t\t<\/div>\n\t\t\t\t\t\t<\/div>\n\t\t\t\t<\/div>\n\t\t\t\t\t\t<\/div>\n\t\t\t\t\t<\/div>\n\t\t<\/div>\n\t\t\t\t<div class=\"elementor-column elementor-col-50 elementor-top-column elementor-element elementor-element-3f4f868\" data-id=\"3f4f868\" data-element_type=\"column\">\n\t\t\t<div class=\"elementor-column-wrap elementor-element-populated\">\n\t\t\t\t\t\t\t<div class=\"elementor-widget-wrap\">\n\t\t\t\t\t\t<div class=\"elementor-element elementor-element-1d98787 elementor-arrows-position-inside elementor-pagination-position-outside elementor-widget elementor-widget-image-carousel\" data-id=\"1d98787\" data-element_type=\"widget\" data-settings=\"{&quot;navigation&quot;:&quot;both&quot;,&quot;autoplay&quot;:&quot;yes&quot;,&quot;pause_on_hover&quot;:&quot;yes&quot;,&quot;pause_on_interaction&quot;:&quot;yes&quot;,&quot;autoplay_speed&quot;:5000,&quot;infinite&quot;:&quot;yes&quot;,&quot;speed&quot;:500}\" data-widget_type=\"image-carousel.default\">\n\t\t\t\t<div class=\"elementor-widget-container\">\n\t\t\t\t\t<div class=\"elementor-image-carousel-wrapper swiper-container\" dir=\"ltr\">\n\t\t\t<div class=\"elementor-image-carousel swiper-wrapper\">\n\t\t\t\t\t\t\t\t<div class=\"swiper-slide\"><figure class=\"swiper-slide-inner\"><img decoding=\"async\" class=\"swiper-slide-image\" src=\"https:\/\/henneken-tumbler.de\/wp-content\/uploads\/2018\/03\/Tumbler_b_6000_2018-150x150.jpg\" alt=\"Tumbler\" \/><\/figure><\/div><div class=\"swiper-slide\"><figure class=\"swiper-slide-inner\"><img decoding=\"async\" class=\"swiper-slide-image\" src=\"https:\/\/henneken-tumbler.de\/wp-content\/uploads\/2019\/04\/rakete_1-150x150.jpg\" alt=\"rakete_1\" \/><\/figure><\/div><div class=\"swiper-slide\"><figure class=\"swiper-slide-inner\"><img decoding=\"async\" class=\"swiper-slide-image\" src=\"https:\/\/henneken-tumbler.de\/wp-content\/uploads\/2019\/04\/rakete_2-150x150.jpg\" alt=\"rakete_2\" \/><\/figure><\/div><div class=\"swiper-slide\"><figure class=\"swiper-slide-inner\"><img decoding=\"async\" class=\"swiper-slide-image\" src=\"https:\/\/henneken-tumbler.de\/wp-content\/uploads\/2020\/12\/cvm_600-150x150.jpg\" alt=\"cvm_600\" \/><\/figure><\/div><div class=\"swiper-slide\"><figure class=\"swiper-slide-inner\"><img decoding=\"async\" class=\"swiper-slide-image\" src=\"https:\/\/henneken-tumbler.de\/wp-content\/uploads\/2018\/03\/Tumbler_typ_mvt-150x150.jpg\" alt=\"Tumbler_typ_mvt\" \/><\/figure><\/div><div class=\"swiper-slide\"><figure class=\"swiper-slide-inner\"><img decoding=\"async\" class=\"swiper-slide-image\" src=\"https:\/\/henneken-tumbler.de\/wp-content\/uploads\/2018\/03\/Tumbler_typ_c-150x150.jpg\" alt=\"Tumbler_typ_c\" \/><\/figure><\/div>\t\t\t<\/div>\n\t\t\t\t\t\t\t\t\t\t\t\t<div class=\"swiper-pagination\"><\/div>\n\t\t\t\t\t\t\t\t\t\t\t\t\t<div class=\"elementor-swiper-button elementor-swiper-button-prev\">\n\t\t\t\t\t\t<i aria-hidden=\"true\" class=\"eicon-chevron-left\"><\/i>\t\t\t\t\t\t<span class=\"elementor-screen-only\">Previous<\/span>\n\t\t\t\t\t<\/div>\n\t\t\t\t\t<div class=\"elementor-swiper-button elementor-swiper-button-next\">\n\t\t\t\t\t\t<i aria-hidden=\"true\" class=\"eicon-chevron-right\"><\/i>\t\t\t\t\t\t<span class=\"elementor-screen-only\">Next<\/span>\n\t\t\t\t\t<\/div>\n\t\t\t\t\t\t\t\t\t<\/div>\n\t\t\t\t<\/div>\n\t\t\t\t<\/div>\n\t\t\t\t\t\t<\/div>\n\t\t\t\t\t<\/div>\n\t\t<\/div>\n\t\t\t\t\t\t\t\t<\/div>\n\t\t\t\t\t<\/div>\n\t\t<\/section>\n\t\t\t\t<section class=\"elementor-section elementor-top-section elementor-element elementor-element-58d08f7 elementor-section-boxed elementor-section-height-default elementor-section-height-default\" data-id=\"58d08f7\" data-element_type=\"section\" data-settings=\"{&quot;background_background&quot;:&quot;classic&quot;}\">\n\t\t\t\t\t\t<div class=\"elementor-container elementor-column-gap-default\">\n\t\t\t\t\t\t\t<div class=\"elementor-row\">\n\t\t\t\t\t<div class=\"elementor-column elementor-col-50 elementor-top-column elementor-element elementor-element-8dc8a7a\" data-id=\"8dc8a7a\" data-element_type=\"column\">\n\t\t\t<div class=\"elementor-column-wrap elementor-element-populated\">\n\t\t\t\t\t\t\t<div class=\"elementor-widget-wrap\">\n\t\t\t\t\t\t<div class=\"elementor-element elementor-element-548cc62 elementor-widget elementor-widget-text-editor\" data-id=\"548cc62\" data-element_type=\"widget\" data-widget_type=\"text-editor.default\">\n\t\t\t\t<div class=\"elementor-widget-container\">\n\t\t\t\t\t\t\t\t<div class=\"elementor-text-editor elementor-clearfix\">\n\t\t\t\t<h3 class=\"bodytext\"><span style=\"color: #00997f;\">For industrial enterprises<\/span><\/h3><p class=\"bodytext\">we offer the following types of vacuum tumblers:<\/p><ul><li><a class=\"internal-link\" href=\"https:\/\/henneken-tumbler.de\/en\/produkte\/tumbler\/typ-b\/\">Type B \u2013 horizontal rotating container with one opening<\/a><\/li><li><a class=\"internal-link\" href=\"https:\/\/henneken-tumbler.de\/en\/produkte\/tumbler\/typ-c\/\">Type C \u2013 horizontale rotating container with two openings<\/a><\/li><li><a class=\"internal-link\" href=\"https:\/\/henneken-tumbler.de\/en\/produkte\/tumbler\/typ-r\/\">Type R \u2013 lift and tilt device with cone<\/a><\/li><\/ul><p class=\"bodytext\">The industrial machines are produced in three different ways in order to be able to offer every enterprise a machine corresponding to their own product and the production process.<\/p>\t\t\t\t\t<\/div>\n\t\t\t\t\t\t<\/div>\n\t\t\t\t<\/div>\n\t\t\t\t\t\t<\/div>\n\t\t\t\t\t<\/div>\n\t\t<\/div>\n\t\t\t\t<div class=\"elementor-column elementor-col-50 elementor-top-column elementor-element elementor-element-24ef98c\" data-id=\"24ef98c\" data-element_type=\"column\">\n\t\t\t<div class=\"elementor-column-wrap elementor-element-populated\">\n\t\t\t\t\t\t\t<div class=\"elementor-widget-wrap\">\n\t\t\t\t\t\t<div class=\"elementor-element elementor-element-f4f41b1 elementor-widget elementor-widget-text-editor\" data-id=\"f4f41b1\" data-element_type=\"widget\" data-widget_type=\"text-editor.default\">\n\t\t\t\t<div class=\"elementor-widget-container\">\n\t\t\t\t\t\t\t\t<div class=\"elementor-text-editor elementor-clearfix\">\n\t\t\t\t<h3><span style=\"color: #00997f;\">For handcraft enterprises<\/span>\u00a0<\/h3><p class=\"bodytext\">we offer the following machines in the field of tumbling\/mixing:<\/p><ul><li><span style=\"color: #000000;\">Type MVT<\/span><\/li><li><span style=\"color: #000000;\"><a class=\"internal-link\" style=\"color: #000000;\" href=\"https:\/\/henneken-tumbler.de\/en\/produkte\/tumbler\/typ-cvm\/\">Type CVM<\/a><\/span><\/li><li><span style=\"color: #000000;\">Type MA<\/span><\/li><\/ul><p class=\"bodytext\">The vacuum tumbler MVM works with a system of a rotating container and therefore affords the same production conditions as industrial machines.<\/p><p class=\"bodytext\">The type CVM unites the capacities of a vacuum tumbler with those of a mixer. This type is characterized by its fixed container with a rotating arm and therefore it can also be used for mixing salads, for example.<\/p>\t\t\t\t\t<\/div>\n\t\t\t\t\t\t<\/div>\n\t\t\t\t<\/div>\n\t\t\t\t\t\t<\/div>\n\t\t\t\t\t<\/div>\n\t\t<\/div>\n\t\t\t\t\t\t\t\t<\/div>\n\t\t\t\t\t<\/div>\n\t\t<\/section>\n\t\t\t\t<section class=\"elementor-section elementor-top-section elementor-element elementor-element-1605ed4 elementor-section-full_width elementor-section-height-default elementor-section-height-default elementor-invisible\" data-id=\"1605ed4\" data-element_type=\"section\" data-settings=\"{&quot;animation&quot;:&quot;fadeInUp&quot;}\">\n\t\t\t\t\t\t<div class=\"elementor-container elementor-column-gap-default\">\n\t\t\t\t\t\t\t<div class=\"elementor-row\">\n\t\t\t\t\t<div class=\"elementor-column elementor-col-100 elementor-top-column elementor-element elementor-element-694dc93\" data-id=\"694dc93\" data-element_type=\"column\">\n\t\t\t<div class=\"elementor-column-wrap elementor-element-populated\">\n\t\t\t\t\t\t\t<div class=\"elementor-widget-wrap\">\n\t\t\t\t\t\t<div class=\"elementor-element elementor-element-ea098ef elementor-widget elementor-widget-spacer\" data-id=\"ea098ef\" data-element_type=\"widget\" data-widget_type=\"spacer.default\">\n\t\t\t\t<div class=\"elementor-widget-container\">\n\t\t\t\t\t<div class=\"elementor-spacer\">\n\t\t\t<div class=\"elementor-spacer-inner\"><\/div>\n\t\t<\/div>\n\t\t\t\t<\/div>\n\t\t\t\t<\/div>\n\t\t\t\t\t\t<\/div>\n\t\t\t\t\t<\/div>\n\t\t<\/div>\n\t\t\t\t\t\t\t\t<\/div>\n\t\t\t\t\t<\/div>\n\t\t<\/section>\n\t\t\t\t<section class=\"elementor-section elementor-top-section elementor-element elementor-element-1b06547 elementor-section-boxed elementor-section-height-default elementor-section-height-default\" data-id=\"1b06547\" data-element_type=\"section\" data-settings=\"{&quot;background_background&quot;:&quot;classic&quot;}\">\n\t\t\t\t\t\t<div class=\"elementor-container elementor-column-gap-default\">\n\t\t\t\t\t\t\t<div class=\"elementor-row\">\n\t\t\t\t\t<div class=\"elementor-column elementor-col-100 elementor-top-column elementor-element elementor-element-1cabc4e\" data-id=\"1cabc4e\" data-element_type=\"column\">\n\t\t\t<div class=\"elementor-column-wrap elementor-element-populated\">\n\t\t\t\t\t\t\t<div class=\"elementor-widget-wrap\">\n\t\t\t\t\t\t<div class=\"elementor-element elementor-element-15c692b elementor-widget elementor-widget-spacer\" data-id=\"15c692b\" data-element_type=\"widget\" data-widget_type=\"spacer.default\">\n\t\t\t\t<div class=\"elementor-widget-container\">\n\t\t\t\t\t<div class=\"elementor-spacer\">\n\t\t\t<div class=\"elementor-spacer-inner\"><\/div>\n\t\t<\/div>\n\t\t\t\t<\/div>\n\t\t\t\t<\/div>\n\t\t\t\t\t\t<\/div>\n\t\t\t\t\t<\/div>\n\t\t<\/div>\n\t\t\t\t\t\t\t\t<\/div>\n\t\t\t\t\t<\/div>\n\t\t<\/section>\n\t\t\t\t\t\t\t\t\t<\/div>\n\t\t\t<\/div>\n\t\t\t\t\t<\/div>","protected":false},"excerpt":{"rendered":"<p>Tumbler VARIANTENVIELFALT SEIT 1977 Zur\u00fcck Weiter F\u00fcr Industrieunternehmen haben wir folgende Typen von Vakuumtumblern im Programm: Typ B &#8211; horizontaler rotierender Beh\u00e4lter mit einer \u00d6ffnung Typ C &#8211; horizontaler rotierender Beh\u00e4lter mit zwei \u00d6ffnungen Typ R &#8211; Hebe-Kipp-Tumbler mit Konus Die Industriemaschinen werden in drei verschiedenen Varianten gefertigt, um jedem Unternehmen eine Maschine entsprechend dem [&hellip;]<\/p>","protected":false},"author":1,"featured_media":0,"parent":6009,"menu_order":0,"comment_status":"closed","ping_status":"closed","template":"","meta":[],"_links":{"self":[{"href":"https:\/\/henneken-tumbler.de\/en\/wp-json\/wp\/v2\/pages\/6153"}],"collection":[{"href":"https:\/\/henneken-tumbler.de\/en\/wp-json\/wp\/v2\/pages"}],"about":[{"href":"https:\/\/henneken-tumbler.de\/en\/wp-json\/wp\/v2\/types\/page"}],"author":[{"embeddable":true,"href":"https:\/\/henneken-tumbler.de\/en\/wp-json\/wp\/v2\/users\/1"}],"replies":[{"embeddable":true,"href":"https:\/\/henneken-tumbler.de\/en\/wp-json\/wp\/v2\/comments?post=6153"}],"version-history":[{"count":0,"href":"https:\/\/henneken-tumbler.de\/en\/wp-json\/wp\/v2\/pages\/6153\/revisions"}],"up":[{"embeddable":true,"href":"https:\/\/henneken-tumbler.de\/en\/wp-json\/wp\/v2\/pages\/6009"}],"wp:attachment":[{"href":"https:\/\/henneken-tumbler.de\/en\/wp-json\/wp\/v2\/media?parent=6153"}],"curies":[{"name":"wp","href":"https:\/\/api.w.org\/{rel}","templated":true}]}}