{"id":6113,"date":"2018-03-03T16:05:17","date_gmt":"2018-03-03T15:05:17","guid":{"rendered":"http:\/\/henneken-tumbler.de\/?page_id=6113"},"modified":"2022-12-18T15:29:32","modified_gmt":"2022-12-18T14:29:32","slug":"lakemischer","status":"publish","type":"page","link":"https:\/\/henneken-tumbler.de\/en\/produkte\/lakemischer\/","title":{"rendered":"Brine Mixer"},"content":{"rendered":"<div data-elementor-type=\"wp-post\" data-elementor-id=\"6113\" class=\"elementor elementor-6113\">\n\t\t\t\t\t\t<div class=\"elementor-inner\">\n\t\t\t\t<div class=\"elementor-section-wrap\">\n\t\t\t\t\t\t\t\t\t<section class=\"elementor-section elementor-top-section elementor-element elementor-element-7427ae6 elementor-section-boxed elementor-section-height-default elementor-section-height-default\" data-id=\"7427ae6\" data-element_type=\"section\">\n\t\t\t\t\t\t<div class=\"elementor-container elementor-column-gap-default\">\n\t\t\t\t\t\t\t<div class=\"elementor-row\">\n\t\t\t\t\t<div class=\"elementor-column elementor-col-50 elementor-top-column elementor-element elementor-element-235efce\" data-id=\"235efce\" data-element_type=\"column\">\n\t\t\t<div class=\"elementor-column-wrap elementor-element-populated\">\n\t\t\t\t\t\t\t<div class=\"elementor-widget-wrap\">\n\t\t\t\t\t\t<div class=\"elementor-element elementor-element-8504412 elementor-widget elementor-widget-image\" data-id=\"8504412\" data-element_type=\"widget\" data-widget_type=\"image.default\">\n\t\t\t\t<div class=\"elementor-widget-container\">\n\t\t\t\t\t\t\t\t<div class=\"elementor-image\">\n\t\t\t\t\t\t\t\t\t\t\t\t<img decoding=\"async\" width=\"1024\" height=\"1024\" src=\"https:\/\/henneken-tumbler.de\/wp-content\/uploads\/2018\/02\/Lakemischer_1000-ltr_2018-1024x1024.jpg\" class=\"attachment-large size-large wp-image-5788\" alt=\"\" loading=\"lazy\" srcset=\"https:\/\/henneken-tumbler.de\/wp-content\/uploads\/2018\/02\/Lakemischer_1000-ltr_2018-1024x1024.jpg 1024w, https:\/\/henneken-tumbler.de\/wp-content\/uploads\/2018\/02\/Lakemischer_1000-ltr_2018-150x150.jpg 150w, https:\/\/henneken-tumbler.de\/wp-content\/uploads\/2018\/02\/Lakemischer_1000-ltr_2018-300x300.jpg 300w, https:\/\/henneken-tumbler.de\/wp-content\/uploads\/2018\/02\/Lakemischer_1000-ltr_2018-768x768.jpg 768w, https:\/\/henneken-tumbler.de\/wp-content\/uploads\/2018\/02\/Lakemischer_1000-ltr_2018-460x460.jpg 460w, https:\/\/henneken-tumbler.de\/wp-content\/uploads\/2018\/02\/Lakemischer_1000-ltr_2018-560x560.jpg 560w, https:\/\/henneken-tumbler.de\/wp-content\/uploads\/2018\/02\/Lakemischer_1000-ltr_2018-104x104.jpg 104w, https:\/\/henneken-tumbler.de\/wp-content\/uploads\/2018\/02\/Lakemischer_1000-ltr_2018-260x260.jpg 260w, https:\/\/henneken-tumbler.de\/wp-content\/uploads\/2018\/02\/Lakemischer_1000-ltr_2018-78x78.jpg 78w, https:\/\/henneken-tumbler.de\/wp-content\/uploads\/2018\/02\/Lakemischer_1000-ltr_2018-270x270.jpg 270w, https:\/\/henneken-tumbler.de\/wp-content\/uploads\/2018\/02\/Lakemischer_1000-ltr_2018-400x400.jpg 400w, https:\/\/henneken-tumbler.de\/wp-content\/uploads\/2018\/02\/Lakemischer_1000-ltr_2018-900x900.jpg 900w, https:\/\/henneken-tumbler.de\/wp-content\/uploads\/2018\/02\/Lakemischer_1000-ltr_2018-675x675.jpg 675w, https:\/\/henneken-tumbler.de\/wp-content\/uploads\/2018\/02\/Lakemischer_1000-ltr_2018-286x286.jpg 286w, https:\/\/henneken-tumbler.de\/wp-content\/uploads\/2018\/02\/Lakemischer_1000-ltr_2018-450x450.jpg 450w, https:\/\/henneken-tumbler.de\/wp-content\/uploads\/2018\/02\/Lakemischer_1000-ltr_2018-1080x1080.jpg 1080w, https:\/\/henneken-tumbler.de\/wp-content\/uploads\/2018\/02\/Lakemischer_1000-ltr_2018.jpg 1225w\" sizes=\"(max-width: 1024px) 100vw, 1024px\" \/>\t\t\t\t\t\t\t\t\t\t\t\t\t\t<\/div>\n\t\t\t\t\t\t<\/div>\n\t\t\t\t<\/div>\n\t\t\t\t\t\t<\/div>\n\t\t\t\t\t<\/div>\n\t\t<\/div>\n\t\t\t\t<div class=\"elementor-column elementor-col-50 elementor-top-column elementor-element elementor-element-44c7fd3\" data-id=\"44c7fd3\" data-element_type=\"column\">\n\t\t\t<div class=\"elementor-column-wrap elementor-element-populated\">\n\t\t\t\t\t\t\t<div class=\"elementor-widget-wrap\">\n\t\t\t\t\t\t<div class=\"elementor-element elementor-element-66dd52a elementor-widget elementor-widget-heading\" data-id=\"66dd52a\" data-element_type=\"widget\" data-widget_type=\"heading.default\">\n\t\t\t\t<div class=\"elementor-widget-container\">\n\t\t\t<h2 class=\"elementor-heading-title elementor-size-default\"><b>Brine Mixer<\/b><\/h2>\t\t<\/div>\n\t\t\t\t<\/div>\n\t\t\t\t<div class=\"elementor-element elementor-element-1392742 elementor-widget elementor-widget-text-editor\" data-id=\"1392742\" data-element_type=\"widget\" data-widget_type=\"text-editor.default\">\n\t\t\t\t<div class=\"elementor-widget-container\">\n\t\t\t\t\t\t\t\t<div class=\"elementor-text-editor elementor-clearfix\">\n\t\t\t\t<p>400 ltr \u2013 2000 ltr<\/p>\t\t\t\t\t<\/div>\n\t\t\t\t\t\t<\/div>\n\t\t\t\t<\/div>\n\t\t\t\t\t\t<\/div>\n\t\t\t\t\t<\/div>\n\t\t<\/div>\n\t\t\t\t\t\t\t\t<\/div>\n\t\t\t\t\t<\/div>\n\t\t<\/section>\n\t\t\t\t<section class=\"elementor-section elementor-top-section elementor-element elementor-element-45aad95 elementor-section-boxed elementor-section-height-default elementor-section-height-default\" data-id=\"45aad95\" data-element_type=\"section\" data-settings=\"{&quot;background_background&quot;:&quot;classic&quot;}\">\n\t\t\t\t\t\t<div class=\"elementor-container elementor-column-gap-default\">\n\t\t\t\t\t\t\t<div class=\"elementor-row\">\n\t\t\t\t\t<div class=\"elementor-column elementor-col-50 elementor-top-column elementor-element elementor-element-764c9a2\" data-id=\"764c9a2\" data-element_type=\"column\" data-settings=\"{&quot;background_background&quot;:&quot;classic&quot;}\">\n\t\t\t<div class=\"elementor-column-wrap elementor-element-populated\">\n\t\t\t\t\t\t\t<div class=\"elementor-widget-wrap\">\n\t\t\t\t\t\t<div class=\"elementor-element elementor-element-7530d2b elementor-widget elementor-widget-heading\" data-id=\"7530d2b\" data-element_type=\"widget\" data-widget_type=\"heading.default\">\n\t\t\t\t<div class=\"elementor-widget-container\">\n\t\t\t<h2 class=\"elementor-heading-title elementor-size-default\"><b>Homogeneous<\/b> brine in seconds<\/h2>\t\t<\/div>\n\t\t\t\t<\/div>\n\t\t\t\t<div class=\"elementor-element elementor-element-aff7037 elementor-widget elementor-widget-image\" data-id=\"aff7037\" data-element_type=\"widget\" data-widget_type=\"image.default\">\n\t\t\t\t<div class=\"elementor-widget-container\">\n\t\t\t\t\t\t\t\t<div class=\"elementor-image\">\n\t\t\t\t\t\t\t\t\t<figure class=\"wp-caption\">\n\t\t\t\t\t\t\t\t\t\t<img decoding=\"async\" src=\"https:\/\/henneken-tumbler.de\/wp-content\/uploads\/2018\/03\/IMG_4456-260x195.jpg\" title=\"IMG_4456\" alt=\"Bodenr\u00fchrwerk\" \/>\t\t\t\t\t\t\t\t\t\t\t<figcaption class=\"widget-image-caption wp-caption-text\">Option: Bottom mixer<\/figcaption>\n\t\t\t\t\t\t\t\t\t\t<\/figure>\n\t\t\t\t\t\t\t\t<\/div>\n\t\t\t\t\t\t<\/div>\n\t\t\t\t<\/div>\n\t\t\t\t\t\t<\/div>\n\t\t\t\t\t<\/div>\n\t\t<\/div>\n\t\t\t\t<div class=\"elementor-column elementor-col-50 elementor-top-column elementor-element elementor-element-8c87ae0\" data-id=\"8c87ae0\" data-element_type=\"column\">\n\t\t\t<div class=\"elementor-column-wrap elementor-element-populated\">\n\t\t\t\t\t\t\t<div class=\"elementor-widget-wrap\">\n\t\t\t\t\t\t<div class=\"elementor-element elementor-element-f834601 elementor-widget elementor-widget-text-editor\" data-id=\"f834601\" data-element_type=\"widget\" data-widget_type=\"text-editor.default\">\n\t\t\t\t<div class=\"elementor-widget-container\">\n\t\t\t\t\t\t\t\t<div class=\"elementor-text-editor elementor-clearfix\">\n\t\t\t\t<p>The Henneken brine mixer HVM works by the Venturi-system. This feature supports a fast and very homogenous mixture of fluids, powdery substances and ice in water.\u00a0<\/p><p>The HVM is standardly on stock in the sizes 400 liters, 650 liters, 1000 liters and 2000 liters. All sizes can be equipped with a double jacket cooling if desired. <\/p><p>The substance to be mixed in is entered into the loading system and is automatically sucked in and mixed without any lumping.For the optimal control an interconnection to the curing injector\/tumbler is possible. Moreover, water dose feeder, SIEMENS touch panels with recipe management as well as weighing systems, electro-pneumatic valves and other options are available on request. All tubes and valves are easily removable for cleaning and maintenance.<\/p><p>Durch die Verwendung des Lakemischers ist nicht nur eine schnelle Herstellung einer homogenen Lake m\u00f6glich, sondern die Lake ist auch l\u00e4nger stabil und verhindert eine fr\u00fchzeitige Sedimentation.<\/p>\t\t\t\t\t<\/div>\n\t\t\t\t\t\t<\/div>\n\t\t\t\t<\/div>\n\t\t\t\t\t\t<\/div>\n\t\t\t\t\t<\/div>\n\t\t<\/div>\n\t\t\t\t\t\t\t\t<\/div>\n\t\t\t\t\t<\/div>\n\t\t<\/section>\n\t\t\t\t<section class=\"elementor-section elementor-top-section elementor-element elementor-element-a82da03 elementor-section-boxed elementor-section-height-default elementor-section-height-default\" data-id=\"a82da03\" data-element_type=\"section\">\n\t\t\t\t\t\t<div class=\"elementor-container elementor-column-gap-default\">\n\t\t\t\t\t\t\t<div class=\"elementor-row\">\n\t\t\t\t\t<div class=\"elementor-column elementor-col-50 elementor-top-column elementor-element elementor-element-91e1ec7\" data-id=\"91e1ec7\" data-element_type=\"column\">\n\t\t\t<div class=\"elementor-column-wrap elementor-element-populated\">\n\t\t\t\t\t\t\t<div class=\"elementor-widget-wrap\">\n\t\t\t\t\t\t<div class=\"elementor-element elementor-element-b7ff231 elementor-widget elementor-widget-image\" data-id=\"b7ff231\" data-element_type=\"widget\" data-widget_type=\"image.default\">\n\t\t\t\t<div class=\"elementor-widget-container\">\n\t\t\t\t\t\t\t\t<div class=\"elementor-image\">\n\t\t\t\t\t\t\t\t\t\t\t\t<img decoding=\"async\" width=\"1024\" height=\"1024\" src=\"https:\/\/henneken-tumbler.de\/wp-content\/uploads\/2018\/03\/Gewu\u0308rze-1024x1024.jpg\" class=\"attachment-large size-large wp-image-6116\" alt=\"\" loading=\"lazy\" srcset=\"https:\/\/henneken-tumbler.de\/wp-content\/uploads\/2018\/03\/Gewu\u0308rze-1024x1024.jpg 1024w, https:\/\/henneken-tumbler.de\/wp-content\/uploads\/2018\/03\/Gewu\u0308rze-150x150.jpg 150w, https:\/\/henneken-tumbler.de\/wp-content\/uploads\/2018\/03\/Gewu\u0308rze-300x300.jpg 300w, https:\/\/henneken-tumbler.de\/wp-content\/uploads\/2018\/03\/Gewu\u0308rze-768x767.jpg 768w, https:\/\/henneken-tumbler.de\/wp-content\/uploads\/2018\/03\/Gewu\u0308rze-460x460.jpg 460w, https:\/\/henneken-tumbler.de\/wp-content\/uploads\/2018\/03\/Gewu\u0308rze-560x560.jpg 560w, https:\/\/henneken-tumbler.de\/wp-content\/uploads\/2018\/03\/Gewu\u0308rze-104x104.jpg 104w, https:\/\/henneken-tumbler.de\/wp-content\/uploads\/2018\/03\/Gewu\u0308rze-260x260.jpg 260w, https:\/\/henneken-tumbler.de\/wp-content\/uploads\/2018\/03\/Gewu\u0308rze-78x78.jpg 78w, https:\/\/henneken-tumbler.de\/wp-content\/uploads\/2018\/03\/Gewu\u0308rze-270x270.jpg 270w, https:\/\/henneken-tumbler.de\/wp-content\/uploads\/2018\/03\/Gewu\u0308rze-400x400.jpg 400w, https:\/\/henneken-tumbler.de\/wp-content\/uploads\/2018\/03\/Gewu\u0308rze-900x899.jpg 900w, https:\/\/henneken-tumbler.de\/wp-content\/uploads\/2018\/03\/Gewu\u0308rze-675x675.jpg 675w, https:\/\/henneken-tumbler.de\/wp-content\/uploads\/2018\/03\/Gewu\u0308rze-286x286.jpg 286w, https:\/\/henneken-tumbler.de\/wp-content\/uploads\/2018\/03\/Gewu\u0308rze-450x450.jpg 450w, https:\/\/henneken-tumbler.de\/wp-content\/uploads\/2018\/03\/Gewu\u0308rze-1081x1080.jpg 1081w, https:\/\/henneken-tumbler.de\/wp-content\/uploads\/2018\/03\/Gewu\u0308rze.jpg 1448w\" sizes=\"(max-width: 1024px) 100vw, 1024px\" \/>\t\t\t\t\t\t\t\t\t\t\t\t\t\t<\/div>\n\t\t\t\t\t\t<\/div>\n\t\t\t\t<\/div>\n\t\t\t\t\t\t<\/div>\n\t\t\t\t\t<\/div>\n\t\t<\/div>\n\t\t\t\t<div class=\"elementor-column elementor-col-50 elementor-top-column elementor-element elementor-element-197c840\" data-id=\"197c840\" data-element_type=\"column\">\n\t\t\t<div class=\"elementor-column-wrap elementor-element-populated\">\n\t\t\t\t\t\t\t<div class=\"elementor-widget-wrap\">\n\t\t\t\t\t\t<div class=\"elementor-element elementor-element-7a1e6d2 elementor-widget elementor-widget-image\" data-id=\"7a1e6d2\" data-element_type=\"widget\" data-widget_type=\"image.default\">\n\t\t\t\t<div class=\"elementor-widget-container\">\n\t\t\t\t\t\t\t\t<div class=\"elementor-image\">\n\t\t\t\t\t\t\t\t\t\t\t\t<img decoding=\"async\" width=\"1024\" height=\"1024\" src=\"https:\/\/henneken-tumbler.de\/wp-content\/uploads\/2018\/03\/MG_1137-1024x1024.jpg\" class=\"attachment-large size-large wp-image-6118\" alt=\"Lakemischer\" loading=\"lazy\" srcset=\"https:\/\/henneken-tumbler.de\/wp-content\/uploads\/2018\/03\/MG_1137-1024x1024.jpg 1024w, https:\/\/henneken-tumbler.de\/wp-content\/uploads\/2018\/03\/MG_1137-150x150.jpg 150w, https:\/\/henneken-tumbler.de\/wp-content\/uploads\/2018\/03\/MG_1137-300x300.jpg 300w, https:\/\/henneken-tumbler.de\/wp-content\/uploads\/2018\/03\/MG_1137-768x768.jpg 768w, https:\/\/henneken-tumbler.de\/wp-content\/uploads\/2018\/03\/MG_1137-460x460.jpg 460w, https:\/\/henneken-tumbler.de\/wp-content\/uploads\/2018\/03\/MG_1137-560x560.jpg 560w, https:\/\/henneken-tumbler.de\/wp-content\/uploads\/2018\/03\/MG_1137-104x104.jpg 104w, https:\/\/henneken-tumbler.de\/wp-content\/uploads\/2018\/03\/MG_1137-260x260.jpg 260w, https:\/\/henneken-tumbler.de\/wp-content\/uploads\/2018\/03\/MG_1137-78x78.jpg 78w, https:\/\/henneken-tumbler.de\/wp-content\/uploads\/2018\/03\/MG_1137-270x270.jpg 270w, https:\/\/henneken-tumbler.de\/wp-content\/uploads\/2018\/03\/MG_1137-400x400.jpg 400w, https:\/\/henneken-tumbler.de\/wp-content\/uploads\/2018\/03\/MG_1137-900x900.jpg 900w, https:\/\/henneken-tumbler.de\/wp-content\/uploads\/2018\/03\/MG_1137-675x675.jpg 675w, https:\/\/henneken-tumbler.de\/wp-content\/uploads\/2018\/03\/MG_1137-286x286.jpg 286w, https:\/\/henneken-tumbler.de\/wp-content\/uploads\/2018\/03\/MG_1137-450x450.jpg 450w, https:\/\/henneken-tumbler.de\/wp-content\/uploads\/2018\/03\/MG_1137-1080x1080.jpg 1080w, https:\/\/henneken-tumbler.de\/wp-content\/uploads\/2018\/03\/MG_1137.jpg 1920w\" sizes=\"(max-width: 1024px) 100vw, 1024px\" \/>\t\t\t\t\t\t\t\t\t\t\t\t\t\t<\/div>\n\t\t\t\t\t\t<\/div>\n\t\t\t\t<\/div>\n\t\t\t\t\t\t<\/div>\n\t\t\t\t\t<\/div>\n\t\t<\/div>\n\t\t\t\t\t\t\t\t<\/div>\n\t\t\t\t\t<\/div>\n\t\t<\/section>\n\t\t\t\t<section class=\"elementor-section elementor-top-section elementor-element elementor-element-a73346d elementor-section-boxed elementor-section-height-default elementor-section-height-default\" data-id=\"a73346d\" data-element_type=\"section\" data-settings=\"{&quot;background_background&quot;:&quot;classic&quot;}\">\n\t\t\t\t\t\t<div class=\"elementor-container elementor-column-gap-default\">\n\t\t\t\t\t\t\t<div class=\"elementor-row\">\n\t\t\t\t\t<div class=\"elementor-column elementor-col-100 elementor-top-column elementor-element elementor-element-d48d1ab\" data-id=\"d48d1ab\" data-element_type=\"column\">\n\t\t\t<div class=\"elementor-column-wrap elementor-element-populated\">\n\t\t\t\t\t\t\t<div class=\"elementor-widget-wrap\">\n\t\t\t\t\t\t<div class=\"elementor-element elementor-element-52885e6 elementor-widget elementor-widget-spacer\" data-id=\"52885e6\" data-element_type=\"widget\" data-widget_type=\"spacer.default\">\n\t\t\t\t<div class=\"elementor-widget-container\">\n\t\t\t\t\t<div class=\"elementor-spacer\">\n\t\t\t<div class=\"elementor-spacer-inner\"><\/div>\n\t\t<\/div>\n\t\t\t\t<\/div>\n\t\t\t\t<\/div>\n\t\t\t\t<div class=\"elementor-element elementor-element-c9be8f5 elementor-widget elementor-widget-heading\" data-id=\"c9be8f5\" data-element_type=\"widget\" data-widget_type=\"heading.default\">\n\t\t\t\t<div class=\"elementor-widget-container\">\n\t\t\t<h2 class=\"elementor-heading-title elementor-size-default\">Brine Mixer <b>Data<\/b><\/h2>\t\t<\/div>\n\t\t\t\t<\/div>\n\t\t\t\t<div class=\"elementor-element elementor-element-7660ba9 mobilescrollfix elementor-widget elementor-widget-text-editor\" data-id=\"7660ba9\" data-element_type=\"widget\" data-widget_type=\"text-editor.default\">\n\t\t\t\t<div class=\"elementor-widget-container\">\n\t\t\t\t\t\t\t\t<div class=\"elementor-text-editor elementor-clearfix\">\n\t\t\t\t<table width=\"100%\">\n<thead>\n<tr>\n<th class=\"tg-031e\">type<\/th>\n<th class=\"tg-031e\">volume<\/th>\n<th class=\"tg-031e\">power<\/th>\n<th class=\"tg-031e\">width<\/th>\n<th class=\"tg-031e\">length<\/th>\n<th class=\"tg-031e\">height<\/th>\n<\/tr>\n<\/thead>\n<tbody>\n<tr>\n<td class=\"tg-031e\">HVM 400<\/td>\n<td class=\"tg-031e\">400 ltr<\/td>\n<td class=\"tg-031e\">1,8 kW<\/td>\n<td class=\"tg-031e\">880 mm<\/td>\n<td class=\"tg-031e\">1.400 mm<\/td>\n<td class=\"tg-031e\">1.410 mm<\/td>\n<\/tr>\n<tr>\n<td class=\"tg-031e\">HVM 650<\/td>\n<td class=\"tg-031e\">650 ltr<\/td>\n<td class=\"tg-031e\">1,8 kW<\/td>\n<td class=\"tg-031e\">880 mm<\/td>\n<td class=\"tg-031e\">1.400 mm<\/td>\n<td class=\"tg-031e\">1.910 mm<\/td>\n<\/tr>\n<tr>\n<td class=\"tg-031e\">HVM 1000<\/td>\n<td class=\"tg-031e\">1.000 ltr<\/td>\n<td class=\"tg-031e\">4,0 kW<\/td>\n<td class=\"tg-031e\">1.200 mm<\/td>\n<td class=\"tg-031e\">1.700 mm<\/td>\n<td class=\"tg-031e\">1.750 mm<\/td>\n<\/tr>\n<tr>\n<td class=\"tg-031e\">HVM 1500<\/td>\n<td class=\"tg-031e\">1.500 ltr<\/td>\n<td class=\"tg-031e\">4,0 kW<\/td>\n<td class=\"tg-031e\">1.200 mm<\/td>\n<td class=\"tg-031e\">1.700 mm<\/td>\n<td class=\"tg-031e\">2.250 mm<\/td>\n<\/tr>\n<tr>\n<td class=\"tg-031e\">HVM 2000<\/td>\n<td class=\"tg-031e\">2.000 ltr<\/td>\n<td class=\"tg-031e\">4,0 kW<\/td>\n<td class=\"tg-031e\">1.200 mm<\/td>\n<td class=\"tg-031e\">1.700 mm<\/td>\n<td class=\"tg-031e\">2.750 mm<\/td>\n<\/tr>\n<\/tbody>\n<\/table>\t\t\t\t\t<\/div>\n\t\t\t\t\t\t<\/div>\n\t\t\t\t<\/div>\n\t\t\t\t<div class=\"elementor-element elementor-element-195e7de elementor-widget elementor-widget-text-editor\" data-id=\"195e7de\" data-element_type=\"widget\" data-widget_type=\"text-editor.default\">\n\t\t\t\t<div class=\"elementor-widget-container\">\n\t\t\t\t\t\t\t\t<div class=\"elementor-text-editor elementor-clearfix\">\n\t\t\t\t<p style=\"text-align: center;\"><em><span style=\"color: #808080;\">Changes reserved.<\/span><\/em><\/p>\t\t\t\t\t<\/div>\n\t\t\t\t\t\t<\/div>\n\t\t\t\t<\/div>\n\t\t\t\t<div class=\"elementor-element elementor-element-58c177c elementor-widget elementor-widget-spacer\" data-id=\"58c177c\" data-element_type=\"widget\" data-widget_type=\"spacer.default\">\n\t\t\t\t<div class=\"elementor-widget-container\">\n\t\t\t\t\t<div class=\"elementor-spacer\">\n\t\t\t<div class=\"elementor-spacer-inner\"><\/div>\n\t\t<\/div>\n\t\t\t\t<\/div>\n\t\t\t\t<\/div>\n\t\t\t\t\t\t<\/div>\n\t\t\t\t\t<\/div>\n\t\t<\/div>\n\t\t\t\t\t\t\t\t<\/div>\n\t\t\t\t\t<\/div>\n\t\t<\/section>\n\t\t\t\t\t\t\t\t\t<\/div>\n\t\t\t<\/div>\n\t\t\t\t\t<\/div>","protected":false},"excerpt":{"rendered":"<p>Lakemischer 400 ltr &#8211; 2000 ltr HOMOGENE Laken in SEKUNDEN Bodenr\u00fchrwerk optional Der Henneken Lakemischer HVM arbeitet nach dem Venturi-Prinzip. Dadurch ist ein schnelles Einmischen von Fl\u00fcssigkeiten, pulverf\u00f6rmigen Stoffen und Eis in Wasser m\u00f6glich.\u00a0 Der HVM ist standardm\u00e4\u00dfig in den Gr\u00f6\u00dfen 400 ltr, 650 ltr, 1000 ltr, 1500 ltr und 2000 ltr erh\u00e4ltlich.\u00a0Alle Gr\u00f6\u00dfen k\u00f6nnen [&hellip;]<\/p>","protected":false},"author":1,"featured_media":0,"parent":6009,"menu_order":0,"comment_status":"closed","ping_status":"closed","template":"","meta":[],"_links":{"self":[{"href":"https:\/\/henneken-tumbler.de\/en\/wp-json\/wp\/v2\/pages\/6113"}],"collection":[{"href":"https:\/\/henneken-tumbler.de\/en\/wp-json\/wp\/v2\/pages"}],"about":[{"href":"https:\/\/henneken-tumbler.de\/en\/wp-json\/wp\/v2\/types\/page"}],"author":[{"embeddable":true,"href":"https:\/\/henneken-tumbler.de\/en\/wp-json\/wp\/v2\/users\/1"}],"replies":[{"embeddable":true,"href":"https:\/\/henneken-tumbler.de\/en\/wp-json\/wp\/v2\/comments?post=6113"}],"version-history":[{"count":0,"href":"https:\/\/henneken-tumbler.de\/en\/wp-json\/wp\/v2\/pages\/6113\/revisions"}],"up":[{"embeddable":true,"href":"https:\/\/henneken-tumbler.de\/en\/wp-json\/wp\/v2\/pages\/6009"}],"wp:attachment":[{"href":"https:\/\/henneken-tumbler.de\/en\/wp-json\/wp\/v2\/media?parent=6113"}],"curies":[{"name":"wp","href":"https:\/\/api.w.org\/{rel}","templated":true}]}}