{"id":6067,"date":"2018-03-02T21:08:12","date_gmt":"2018-03-02T20:08:12","guid":{"rendered":"http:\/\/henneken-tumbler.de\/?page_id=6067"},"modified":"2022-12-18T15:40:20","modified_gmt":"2022-12-18T14:40:20","slug":"plaetter","status":"publish","type":"page","link":"https:\/\/henneken-tumbler.de\/en\/produkte\/plaetter\/","title":{"rendered":"Flattener"},"content":{"rendered":"<div data-elementor-type=\"wp-post\" data-elementor-id=\"6067\" class=\"elementor elementor-6067\">\n\t\t\t\t\t\t<div class=\"elementor-inner\">\n\t\t\t\t<div class=\"elementor-section-wrap\">\n\t\t\t\t\t\t\t\t\t<section class=\"elementor-section elementor-top-section elementor-element elementor-element-1cc0914 elementor-section-boxed elementor-section-height-default elementor-section-height-default\" data-id=\"1cc0914\" data-element_type=\"section\">\n\t\t\t\t\t\t<div class=\"elementor-container elementor-column-gap-default\">\n\t\t\t\t\t\t\t<div class=\"elementor-row\">\n\t\t\t\t\t<div class=\"elementor-column elementor-col-50 elementor-top-column elementor-element elementor-element-c7f5046\" data-id=\"c7f5046\" data-element_type=\"column\">\n\t\t\t<div class=\"elementor-column-wrap elementor-element-populated\">\n\t\t\t\t\t\t\t<div class=\"elementor-widget-wrap\">\n\t\t\t\t\t\t<div class=\"elementor-element elementor-element-f29ea3b elementor-widget elementor-widget-image\" data-id=\"f29ea3b\" data-element_type=\"widget\" data-widget_type=\"image.default\">\n\t\t\t\t<div class=\"elementor-widget-container\">\n\t\t\t\t\t\t\t\t<div class=\"elementor-image\">\n\t\t\t\t\t\t\t\t\t\t\t\t<img decoding=\"async\" width=\"1024\" height=\"1024\" src=\"https:\/\/henneken-tumbler.de\/wp-content\/uploads\/2018\/02\/Plaetter_2018-1024x1024.jpg\" class=\"attachment-large size-large wp-image-6014\" alt=\"\" loading=\"lazy\" srcset=\"https:\/\/henneken-tumbler.de\/wp-content\/uploads\/2018\/02\/Plaetter_2018-1024x1024.jpg 1024w, https:\/\/henneken-tumbler.de\/wp-content\/uploads\/2018\/02\/Plaetter_2018-150x150.jpg 150w, https:\/\/henneken-tumbler.de\/wp-content\/uploads\/2018\/02\/Plaetter_2018-300x300.jpg 300w, https:\/\/henneken-tumbler.de\/wp-content\/uploads\/2018\/02\/Plaetter_2018-768x768.jpg 768w, https:\/\/henneken-tumbler.de\/wp-content\/uploads\/2018\/02\/Plaetter_2018-460x460.jpg 460w, https:\/\/henneken-tumbler.de\/wp-content\/uploads\/2018\/02\/Plaetter_2018-560x560.jpg 560w, https:\/\/henneken-tumbler.de\/wp-content\/uploads\/2018\/02\/Plaetter_2018-104x104.jpg 104w, https:\/\/henneken-tumbler.de\/wp-content\/uploads\/2018\/02\/Plaetter_2018-260x260.jpg 260w, https:\/\/henneken-tumbler.de\/wp-content\/uploads\/2018\/02\/Plaetter_2018-78x78.jpg 78w, https:\/\/henneken-tumbler.de\/wp-content\/uploads\/2018\/02\/Plaetter_2018-270x270.jpg 270w, https:\/\/henneken-tumbler.de\/wp-content\/uploads\/2018\/02\/Plaetter_2018-400x400.jpg 400w, https:\/\/henneken-tumbler.de\/wp-content\/uploads\/2018\/02\/Plaetter_2018-900x900.jpg 900w, https:\/\/henneken-tumbler.de\/wp-content\/uploads\/2018\/02\/Plaetter_2018-675x675.jpg 675w, https:\/\/henneken-tumbler.de\/wp-content\/uploads\/2018\/02\/Plaetter_2018-286x286.jpg 286w, https:\/\/henneken-tumbler.de\/wp-content\/uploads\/2018\/02\/Plaetter_2018-450x450.jpg 450w, https:\/\/henneken-tumbler.de\/wp-content\/uploads\/2018\/02\/Plaetter_2018-1080x1080.jpg 1080w, https:\/\/henneken-tumbler.de\/wp-content\/uploads\/2018\/02\/Plaetter_2018.jpg 1925w\" sizes=\"(max-width: 1024px) 100vw, 1024px\" \/>\t\t\t\t\t\t\t\t\t\t\t\t\t\t<\/div>\n\t\t\t\t\t\t<\/div>\n\t\t\t\t<\/div>\n\t\t\t\t\t\t<\/div>\n\t\t\t\t\t<\/div>\n\t\t<\/div>\n\t\t\t\t<div class=\"elementor-column elementor-col-50 elementor-top-column elementor-element elementor-element-891e8e3\" data-id=\"891e8e3\" data-element_type=\"column\">\n\t\t\t<div class=\"elementor-column-wrap elementor-element-populated\">\n\t\t\t\t\t\t\t<div class=\"elementor-widget-wrap\">\n\t\t\t\t\t\t<div class=\"elementor-element elementor-element-9691411 elementor-widget elementor-widget-heading\" data-id=\"9691411\" data-element_type=\"widget\" data-widget_type=\"heading.default\">\n\t\t\t\t<div class=\"elementor-widget-container\">\n\t\t\t<h2 class=\"elementor-heading-title elementor-size-default\"><b>Flattener HP<\/b><\/h2>\t\t<\/div>\n\t\t\t\t<\/div>\n\t\t\t\t<div class=\"elementor-element elementor-element-fdd6db7 elementor-widget elementor-widget-text-editor\" data-id=\"fdd6db7\" data-element_type=\"widget\" data-widget_type=\"text-editor.default\">\n\t\t\t\t<div class=\"elementor-widget-container\">\n\t\t\t\t\t\t\t\t<div class=\"elementor-text-editor elementor-clearfix\">\n\t\t\t\t<p>FOR KEBAB MEAT, SCHNITZEL OR TURKEY BREAST<\/p>\t\t\t\t\t<\/div>\n\t\t\t\t\t\t<\/div>\n\t\t\t\t<\/div>\n\t\t\t\t\t\t<\/div>\n\t\t\t\t\t<\/div>\n\t\t<\/div>\n\t\t\t\t\t\t\t\t<\/div>\n\t\t\t\t\t<\/div>\n\t\t<\/section>\n\t\t\t\t<section class=\"elementor-section elementor-top-section elementor-element elementor-element-dbfa05f elementor-section-boxed elementor-section-height-default elementor-section-height-default\" data-id=\"dbfa05f\" data-element_type=\"section\" data-settings=\"{&quot;background_background&quot;:&quot;classic&quot;}\">\n\t\t\t\t\t\t<div class=\"elementor-container elementor-column-gap-default\">\n\t\t\t\t\t\t\t<div class=\"elementor-row\">\n\t\t\t\t\t<div class=\"elementor-column elementor-col-50 elementor-top-column elementor-element elementor-element-27bcee9\" data-id=\"27bcee9\" data-element_type=\"column\">\n\t\t\t<div class=\"elementor-column-wrap elementor-element-populated\">\n\t\t\t\t\t\t\t<div class=\"elementor-widget-wrap\">\n\t\t\t\t\t\t<div class=\"elementor-element elementor-element-858f99e elementor-widget elementor-widget-heading\" data-id=\"858f99e\" data-element_type=\"widget\" data-widget_type=\"heading.default\">\n\t\t\t\t<div class=\"elementor-widget-container\">\n\t\t\t<h2 class=\"elementor-heading-title elementor-size-default\">Processing <b>kebab meat, Schnitzel <\/b>or <b>turkey breast<\/b><\/h2>\t\t<\/div>\n\t\t\t\t<\/div>\n\t\t\t\t\t\t<\/div>\n\t\t\t\t\t<\/div>\n\t\t<\/div>\n\t\t\t\t<div class=\"elementor-column elementor-col-50 elementor-top-column elementor-element elementor-element-fd6cc96\" data-id=\"fd6cc96\" data-element_type=\"column\">\n\t\t\t<div class=\"elementor-column-wrap elementor-element-populated\">\n\t\t\t\t\t\t\t<div class=\"elementor-widget-wrap\">\n\t\t\t\t\t\t<div class=\"elementor-element elementor-element-32c8181 elementor-widget elementor-widget-text-editor\" data-id=\"32c8181\" data-element_type=\"widget\" data-widget_type=\"text-editor.default\">\n\t\t\t\t<div class=\"elementor-widget-container\">\n\t\t\t\t\t\t\t\t<div class=\"elementor-text-editor elementor-clearfix\">\n\t\t\t\t<p>The Henneken flattener HP 415 has got a band width of 415mm. The conically in-feeding belts guarantee an optimal input of the product.<\/p><p>The steplessly adjustable conveying speed of 2.5 to 15m\/min of the synchronized upper and lower bands allow an ideal processing of diverse products like kebab meat, schnitzel or turkey breast.\u00a0<span style=\"letter-spacing: 0em;\">The distance between the belts can be set steplessly from 6 to 130 mm.\u00a0<\/span><span style=\"letter-spacing: 0em;\">By the self-centering belts a side-slipping of the belt or product is prevented.<\/span><\/p><p>For an easy and fast cleansing the upper belt can be removed without effort. Both belts are easily opened.\u00a0<span style=\"letter-spacing: 0em;\">A stainless steel discharge-conveying belt enables that the product is striked off optimally. The discharge-conveying belt is turnable at the bottom of the lower belt.<\/span><\/p>\t\t\t\t\t<\/div>\n\t\t\t\t\t\t<\/div>\n\t\t\t\t<\/div>\n\t\t\t\t\t\t<\/div>\n\t\t\t\t\t<\/div>\n\t\t<\/div>\n\t\t\t\t\t\t\t\t<\/div>\n\t\t\t\t\t<\/div>\n\t\t<\/section>\n\t\t\t\t<section class=\"elementor-section elementor-top-section elementor-element elementor-element-d26645f elementor-section-boxed elementor-section-height-default elementor-section-height-default\" data-id=\"d26645f\" data-element_type=\"section\">\n\t\t\t\t\t\t<div class=\"elementor-container elementor-column-gap-default\">\n\t\t\t\t\t\t\t<div class=\"elementor-row\">\n\t\t\t\t\t<div class=\"elementor-column elementor-col-33 elementor-top-column elementor-element elementor-element-65a3e54\" data-id=\"65a3e54\" data-element_type=\"column\">\n\t\t\t<div class=\"elementor-column-wrap elementor-element-populated\">\n\t\t\t\t\t\t\t<div class=\"elementor-widget-wrap\">\n\t\t\t\t\t\t<div class=\"elementor-element elementor-element-a331227 elementor-widget elementor-widget-spacer\" data-id=\"a331227\" data-element_type=\"widget\" data-widget_type=\"spacer.default\">\n\t\t\t\t<div class=\"elementor-widget-container\">\n\t\t\t\t\t<div class=\"elementor-spacer\">\n\t\t\t<div class=\"elementor-spacer-inner\"><\/div>\n\t\t<\/div>\n\t\t\t\t<\/div>\n\t\t\t\t<\/div>\n\t\t\t\t\t\t<\/div>\n\t\t\t\t\t<\/div>\n\t\t<\/div>\n\t\t\t\t<div class=\"elementor-column elementor-col-33 elementor-top-column elementor-element elementor-element-3862c92\" data-id=\"3862c92\" data-element_type=\"column\">\n\t\t\t<div class=\"elementor-column-wrap elementor-element-populated\">\n\t\t\t\t\t\t\t<div class=\"elementor-widget-wrap\">\n\t\t\t\t\t\t<div class=\"elementor-element elementor-element-87dbe45 elementor-widget elementor-widget-image\" data-id=\"87dbe45\" data-element_type=\"widget\" data-widget_type=\"image.default\">\n\t\t\t\t<div class=\"elementor-widget-container\">\n\t\t\t\t\t\t\t\t<div class=\"elementor-image\">\n\t\t\t\t\t\t\t\t\t\t\t\t<img decoding=\"async\" width=\"1024\" height=\"581\" src=\"https:\/\/henneken-tumbler.de\/wp-content\/uploads\/2018\/03\/Fotolia_124036127_M-1024x581.jpg\" class=\"attachment-large size-large wp-image-6769\" alt=\"\" loading=\"lazy\" srcset=\"https:\/\/henneken-tumbler.de\/wp-content\/uploads\/2018\/03\/Fotolia_124036127_M-1024x581.jpg 1024w, https:\/\/henneken-tumbler.de\/wp-content\/uploads\/2018\/03\/Fotolia_124036127_M-300x170.jpg 300w, https:\/\/henneken-tumbler.de\/wp-content\/uploads\/2018\/03\/Fotolia_124036127_M-768x436.jpg 768w, https:\/\/henneken-tumbler.de\/wp-content\/uploads\/2018\/03\/Fotolia_124036127_M-360x203.jpg 360w, https:\/\/henneken-tumbler.de\/wp-content\/uploads\/2018\/03\/Fotolia_124036127_M-560x318.jpg 560w, https:\/\/henneken-tumbler.de\/wp-content\/uploads\/2018\/03\/Fotolia_124036127_M-150x86.jpg 150w, https:\/\/henneken-tumbler.de\/wp-content\/uploads\/2018\/03\/Fotolia_124036127_M-260x147.jpg 260w, https:\/\/henneken-tumbler.de\/wp-content\/uploads\/2018\/03\/Fotolia_124036127_M-480x271.jpg 480w, https:\/\/henneken-tumbler.de\/wp-content\/uploads\/2018\/03\/Fotolia_124036127_M-400x227.jpg 400w, https:\/\/henneken-tumbler.de\/wp-content\/uploads\/2018\/03\/Fotolia_124036127_M-900x510.jpg 900w, https:\/\/henneken-tumbler.de\/wp-content\/uploads\/2018\/03\/Fotolia_124036127_M-529x300.jpg 529w, https:\/\/henneken-tumbler.de\/wp-content\/uploads\/2018\/03\/Fotolia_124036127_M-1190x675.jpg 1190w, https:\/\/henneken-tumbler.de\/wp-content\/uploads\/2018\/03\/Fotolia_124036127_M.jpg 1830w\" sizes=\"(max-width: 1024px) 100vw, 1024px\" \/>\t\t\t\t\t\t\t\t\t\t\t\t\t\t<\/div>\n\t\t\t\t\t\t<\/div>\n\t\t\t\t<\/div>\n\t\t\t\t\t\t<\/div>\n\t\t\t\t\t<\/div>\n\t\t<\/div>\n\t\t\t\t<div class=\"elementor-column elementor-col-33 elementor-top-column elementor-element elementor-element-d6d8479\" data-id=\"d6d8479\" data-element_type=\"column\">\n\t\t\t<div class=\"elementor-column-wrap\">\n\t\t\t\t\t\t\t<div class=\"elementor-widget-wrap\">\n\t\t\t\t\t\t\t\t<\/div>\n\t\t\t\t\t<\/div>\n\t\t<\/div>\n\t\t\t\t\t\t\t\t<\/div>\n\t\t\t\t\t<\/div>\n\t\t<\/section>\n\t\t\t\t<section class=\"elementor-section elementor-top-section elementor-element elementor-element-6037611 elementor-section-boxed elementor-section-height-default elementor-section-height-default\" data-id=\"6037611\" data-element_type=\"section\" data-settings=\"{&quot;background_background&quot;:&quot;classic&quot;}\">\n\t\t\t\t\t\t<div class=\"elementor-container elementor-column-gap-default\">\n\t\t\t\t\t\t\t<div class=\"elementor-row\">\n\t\t\t\t\t<div class=\"elementor-column elementor-col-100 elementor-top-column elementor-element elementor-element-fedee19\" data-id=\"fedee19\" data-element_type=\"column\">\n\t\t\t<div class=\"elementor-column-wrap elementor-element-populated\">\n\t\t\t\t\t\t\t<div class=\"elementor-widget-wrap\">\n\t\t\t\t\t\t<div class=\"elementor-element elementor-element-cfb7f8f elementor-widget elementor-widget-spacer\" data-id=\"cfb7f8f\" data-element_type=\"widget\" data-widget_type=\"spacer.default\">\n\t\t\t\t<div class=\"elementor-widget-container\">\n\t\t\t\t\t<div class=\"elementor-spacer\">\n\t\t\t<div class=\"elementor-spacer-inner\"><\/div>\n\t\t<\/div>\n\t\t\t\t<\/div>\n\t\t\t\t<\/div>\n\t\t\t\t<div class=\"elementor-element elementor-element-a079c6e elementor-widget elementor-widget-heading\" data-id=\"a079c6e\" data-element_type=\"widget\" data-widget_type=\"heading.default\">\n\t\t\t\t<div class=\"elementor-widget-container\">\n\t\t\t<h2 class=\"elementor-heading-title elementor-size-default\">Flattener <b>Data<\/b><\/h2>\t\t<\/div>\n\t\t\t\t<\/div>\n\t\t\t\t<div class=\"elementor-element elementor-element-195991e mobilescrollfix elementor-widget elementor-widget-text-editor\" data-id=\"195991e\" data-element_type=\"widget\" data-widget_type=\"text-editor.default\">\n\t\t\t\t<div class=\"elementor-widget-container\">\n\t\t\t\t\t\t\t\t<div class=\"elementor-text-editor elementor-clearfix\">\n\t\t\t\t<table width=\"100%\"\">\n<thead>\n<tr>\n<th class=\"tg-031e\">type<\/th>\n<th class=\"tg-031e\">belt width<\/th>\n<th class=\"tg-031e\">infeed<\/th>\n<th class=\"tg-031e\">power<\/th>\n<th class=\"tg-031e\">\u00a0width<\/th>\n<th class=\"tg-031e\">\u00a0length<\/th>\n<th class=\"tg-031e\">\u00a0height<\/th>\n<th class=\"tg-031e\">\u00a0outlet<\/th>\n<\/tr>\n<\/thead>\n<tbody>\n<tr>\n<td class=\"tg-031e\">HP 415<\/td>\n<td class=\"tg-031e\">415 mm<\/td>\n<td class=\"tg-031e\">2,5 &#8211; 15 m\/min<\/td>\n<td class=\"tg-031e\">\u00a01,1 kW<\/td>\n<td class=\"tg-031e\">\u00a0800 mm<\/td>\n<td class=\"tg-031e\">\u00a02.150 mm<\/td>\n<td class=\"tg-031e\">\u00a01.240 mm<\/td>\n<td class=\"tg-031e\">\u00a0720 mm<\/td>\n<\/tr>\n<\/tbody>\n<\/table>\t\t\t\t\t<\/div>\n\t\t\t\t\t\t<\/div>\n\t\t\t\t<\/div>\n\t\t\t\t<div class=\"elementor-element elementor-element-5b38a5f elementor-widget elementor-widget-text-editor\" data-id=\"5b38a5f\" data-element_type=\"widget\" data-widget_type=\"text-editor.default\">\n\t\t\t\t<div class=\"elementor-widget-container\">\n\t\t\t\t\t\t\t\t<div class=\"elementor-text-editor elementor-clearfix\">\n\t\t\t\t<p style=\"text-align: center;\"><span style=\"color: #808080;\"><em>Changes reserved.<\/em><\/span><\/p>\t\t\t\t\t<\/div>\n\t\t\t\t\t\t<\/div>\n\t\t\t\t<\/div>\n\t\t\t\t<div class=\"elementor-element elementor-element-359994d elementor-widget elementor-widget-spacer\" data-id=\"359994d\" data-element_type=\"widget\" data-widget_type=\"spacer.default\">\n\t\t\t\t<div class=\"elementor-widget-container\">\n\t\t\t\t\t<div class=\"elementor-spacer\">\n\t\t\t<div class=\"elementor-spacer-inner\"><\/div>\n\t\t<\/div>\n\t\t\t\t<\/div>\n\t\t\t\t<\/div>\n\t\t\t\t\t\t<\/div>\n\t\t\t\t\t<\/div>\n\t\t<\/div>\n\t\t\t\t\t\t\t\t<\/div>\n\t\t\t\t\t<\/div>\n\t\t<\/section>\n\t\t\t\t\t\t\t\t\t<\/div>\n\t\t\t<\/div>\n\t\t\t\t\t<\/div>","protected":false},"excerpt":{"rendered":"<p>Pl\u00e4tter HP F\u00dcR D\u00d6NER, SCHNITZEL ODER PUTENBRUST Verarbeitung von D\u00f6ner, Schnitzel oder Putenbrust Der Henneken Pl\u00e4tter HP 415 hat eine Bandbreite von 415 mm. Die konisch einziehenden B\u00e4nder garantieren einen optimalen Einzug des Produktes. Die stufenlose Bandgeschwindigkeit von 2,5 &#8211; 15 m pro Minute der synchron laufenden Ober- und Unterb\u00e4nder erm\u00f6glicht ein optimales Verarbeiten von [&hellip;]<\/p>","protected":false},"author":1,"featured_media":0,"parent":6009,"menu_order":0,"comment_status":"closed","ping_status":"closed","template":"","meta":[],"_links":{"self":[{"href":"https:\/\/henneken-tumbler.de\/en\/wp-json\/wp\/v2\/pages\/6067"}],"collection":[{"href":"https:\/\/henneken-tumbler.de\/en\/wp-json\/wp\/v2\/pages"}],"about":[{"href":"https:\/\/henneken-tumbler.de\/en\/wp-json\/wp\/v2\/types\/page"}],"author":[{"embeddable":true,"href":"https:\/\/henneken-tumbler.de\/en\/wp-json\/wp\/v2\/users\/1"}],"replies":[{"embeddable":true,"href":"https:\/\/henneken-tumbler.de\/en\/wp-json\/wp\/v2\/comments?post=6067"}],"version-history":[{"count":0,"href":"https:\/\/henneken-tumbler.de\/en\/wp-json\/wp\/v2\/pages\/6067\/revisions"}],"up":[{"embeddable":true,"href":"https:\/\/henneken-tumbler.de\/en\/wp-json\/wp\/v2\/pages\/6009"}],"wp:attachment":[{"href":"https:\/\/henneken-tumbler.de\/en\/wp-json\/wp\/v2\/media?parent=6067"}],"curies":[{"name":"wp","href":"https:\/\/api.w.org\/{rel}","templated":true}]}}